{"id":841,"date":"2024-04-26T13:43:51","date_gmt":"2024-04-26T11:43:51","guid":{"rendered":"https:\/\/guinguettesyvette.org\/?page_id=841"},"modified":"2026-01-26T17:30:44","modified_gmt":"2026-01-26T16:30:44","slug":"les-editions-precedentes","status":"publish","type":"page","link":"https:\/\/guinguettesyvette.org\/?page_id=841","title":{"rendered":"Les \u00e9ditions pr\u00e9c\u00e9dentes"},"content":{"rendered":"\n<p class=\"has-medium-font-size\"><mark style=\"background-color:rgba(0, 0, 0, 0);color:#3d3b3b\" class=\"has-inline-color\">Les Guinguettes de l&rsquo;Yvette, c&rsquo;est 30 ans d&rsquo;histoire et de souvenirs ! On vous propose de vous rem\u00e9morer les derni\u00e8res \u00e9ditions avec nous et de d\u00e9couvrir leur programme !<\/mark><\/p>\n\n\n\n<p class=\"has-medium-font-size\"><mark style=\"background-color:rgba(0, 0, 0, 0);color:#3d3b3b\" class=\"has-inline-color\">Le programme de chaque \u00e9dition est en format pdf et contient les stands de restauration, les activit\u00e9s, les animations, les spectacles, les concerts et le plan du site. Ainsi, vous pouvez voir l&rsquo;\u00e9volution du festival au fil des ann\u00e9es ! <\/mark><\/p>\n\n\n\n<div style=\"height:20px\" aria-hidden=\"true\" class=\"wp-block-spacer\"><\/div>\n\n\n\n<div class=\"wp-block-columns is-layout-flex wp-container-core-columns-is-layout-9d6595d7 wp-block-columns-is-layout-flex\">\n<div class=\"wp-block-column is-layout-flow wp-block-column-is-layout-flow\">\n<h2 class=\"wp-block-heading has-text-align-center\">L&rsquo;\u00e9dition 2024<\/h2>\n\n\n\n<figure class=\"wp-block-image size-large\"><a href=\"https:\/\/guinguettesyvette.org\/wp-content\/uploads\/2024\/05\/Programme_Guinguettes_2024-2.pdf\"><img loading=\"lazy\" decoding=\"async\" width=\"759\" height=\"1024\" src=\"https:\/\/guinguettesyvette.org\/wp-content\/uploads\/2025\/01\/guinguettesaffiche2024-e1737629245475-759x1024.jpg\" alt=\"\" class=\"wp-image-1103\" srcset=\"https:\/\/guinguettesyvette.org\/wp-content\/uploads\/2025\/01\/guinguettesaffiche2024-e1737629245475-759x1024.jpg 759w, https:\/\/guinguettesyvette.org\/wp-content\/uploads\/2025\/01\/guinguettesaffiche2024-e1737629245475-222x300.jpg 222w, https:\/\/guinguettesyvette.org\/wp-content\/uploads\/2025\/01\/guinguettesaffiche2024-e1737629245475-768x1036.jpg 768w, https:\/\/guinguettesyvette.org\/wp-content\/uploads\/2025\/01\/guinguettesaffiche2024-e1737629245475-800x1080.jpg 800w, https:\/\/guinguettesyvette.org\/wp-content\/uploads\/2025\/01\/guinguettesaffiche2024-e1737629245475.jpg 830w\" sizes=\"auto, (max-width: 759px) 100vw, 759px\" \/><\/a><\/figure>\n<\/div>\n\n\n\n<div class=\"wp-block-column is-layout-flow wp-block-column-is-layout-flow\">\n<h2 class=\"wp-block-heading has-text-align-center\">L&rsquo;\u00e9dition 2023<\/h2>\n\n\n\n<figure class=\"wp-block-image size-large\"><a href=\"https:\/\/guinguettesyvette.org\/wp-content\/uploads\/2024\/04\/Web_Programme_Guinguettes_2023.pdf\" target=\"_blank\" rel=\" noreferrer noopener\"><img loading=\"lazy\" decoding=\"async\" width=\"748\" height=\"1024\" src=\"https:\/\/guinguettesyvette.org\/wp-content\/uploads\/2024\/04\/2023-Affiche-Guinguettes-a4-748x1024.jpg\" alt=\"\" class=\"wp-image-893\" srcset=\"https:\/\/guinguettesyvette.org\/wp-content\/uploads\/2024\/04\/2023-Affiche-Guinguettes-a4-748x1024.jpg 748w, https:\/\/guinguettesyvette.org\/wp-content\/uploads\/2024\/04\/2023-Affiche-Guinguettes-a4-219x300.jpg 219w, https:\/\/guinguettesyvette.org\/wp-content\/uploads\/2024\/04\/2023-Affiche-Guinguettes-a4-768x1051.jpg 768w, https:\/\/guinguettesyvette.org\/wp-content\/uploads\/2024\/04\/2023-Affiche-Guinguettes-a4-1122x1536.jpg 1122w, https:\/\/guinguettesyvette.org\/wp-content\/uploads\/2024\/04\/2023-Affiche-Guinguettes-a4-1496x2048.jpg 1496w, https:\/\/guinguettesyvette.org\/wp-content\/uploads\/2024\/04\/2023-Affiche-Guinguettes-a4-1024x1402.jpg 1024w, https:\/\/guinguettesyvette.org\/wp-content\/uploads\/2024\/04\/2023-Affiche-Guinguettes-a4-789x1080.jpg 789w, https:\/\/guinguettesyvette.org\/wp-content\/uploads\/2024\/04\/2023-Affiche-Guinguettes-a4-scaled.jpg 1870w\" sizes=\"auto, (max-width: 748px) 100vw, 748px\" \/><\/a><\/figure>\n<\/div>\n\n\n\n<div class=\"wp-block-column is-layout-flow wp-block-column-is-layout-flow\">\n<h2 class=\"wp-block-heading has-text-align-center\">L&rsquo;\u00e9dition 2022<\/h2>\n\n\n\n<figure class=\"wp-block-image size-large\"><a href=\"https:\/\/guinguettesyvette.org\/wp-content\/uploads\/2024\/04\/2022-Plaquette-guingnuettes.pdf\"><img loading=\"lazy\" decoding=\"async\" width=\"755\" height=\"1024\" src=\"https:\/\/guinguettesyvette.org\/wp-content\/uploads\/2024\/04\/2022-Affiche-GuinguettesA4--755x1024.jpg\" alt=\"\" class=\"wp-image-895\" srcset=\"https:\/\/guinguettesyvette.org\/wp-content\/uploads\/2024\/04\/2022-Affiche-GuinguettesA4--755x1024.jpg 755w, https:\/\/guinguettesyvette.org\/wp-content\/uploads\/2024\/04\/2022-Affiche-GuinguettesA4--221x300.jpg 221w, https:\/\/guinguettesyvette.org\/wp-content\/uploads\/2024\/04\/2022-Affiche-GuinguettesA4--768x1041.jpg 768w, https:\/\/guinguettesyvette.org\/wp-content\/uploads\/2024\/04\/2022-Affiche-GuinguettesA4--1133x1536.jpg 1133w, https:\/\/guinguettesyvette.org\/wp-content\/uploads\/2024\/04\/2022-Affiche-GuinguettesA4--1511x2048.jpg 1511w, https:\/\/guinguettesyvette.org\/wp-content\/uploads\/2024\/04\/2022-Affiche-GuinguettesA4--1024x1388.jpg 1024w, https:\/\/guinguettesyvette.org\/wp-content\/uploads\/2024\/04\/2022-Affiche-GuinguettesA4--797x1080.jpg 797w, https:\/\/guinguettesyvette.org\/wp-content\/uploads\/2024\/04\/2022-Affiche-GuinguettesA4--scaled.jpg 1889w\" sizes=\"auto, (max-width: 755px) 100vw, 755px\" \/><\/a><\/figure>\n<\/div>\n<\/div>\n\n\n\n<div style=\"height:20px\" aria-hidden=\"true\" class=\"wp-block-spacer\"><\/div>\n\n\n\n<div class=\"wp-block-columns is-layout-flex wp-container-core-columns-is-layout-9d6595d7 wp-block-columns-is-layout-flex\">\n<div class=\"wp-block-column is-layout-flow wp-block-column-is-layout-flow\">\n<h2 class=\"wp-block-heading has-text-align-center\">L&rsquo;\u00e9dition 2021<\/h2>\n\n\n\n<figure class=\"wp-block-image size-large\"><a href=\"https:\/\/guinguettesyvette.org\/wp-content\/uploads\/2024\/04\/2021-Flyer-Guinguettes.pdf\" target=\"_blank\" rel=\" noreferrer noopener\"><img loading=\"lazy\" decoding=\"async\" width=\"766\" height=\"1024\" src=\"https:\/\/guinguettesyvette.org\/wp-content\/uploads\/2024\/04\/2021-Affiche-Guinguettes-766x1024.jpg\" alt=\"\" class=\"wp-image-896\" srcset=\"https:\/\/guinguettesyvette.org\/wp-content\/uploads\/2024\/04\/2021-Affiche-Guinguettes-766x1024.jpg 766w, https:\/\/guinguettesyvette.org\/wp-content\/uploads\/2024\/04\/2021-Affiche-Guinguettes-224x300.jpg 224w, https:\/\/guinguettesyvette.org\/wp-content\/uploads\/2024\/04\/2021-Affiche-Guinguettes-768x1027.jpg 768w, https:\/\/guinguettesyvette.org\/wp-content\/uploads\/2024\/04\/2021-Affiche-Guinguettes-1149x1536.jpg 1149w, https:\/\/guinguettesyvette.org\/wp-content\/uploads\/2024\/04\/2021-Affiche-Guinguettes-1532x2048.jpg 1532w, https:\/\/guinguettesyvette.org\/wp-content\/uploads\/2024\/04\/2021-Affiche-Guinguettes-1024x1369.jpg 1024w, https:\/\/guinguettesyvette.org\/wp-content\/uploads\/2024\/04\/2021-Affiche-Guinguettes-808x1080.jpg 808w, https:\/\/guinguettesyvette.org\/wp-content\/uploads\/2024\/04\/2021-Affiche-Guinguettes-scaled.jpg 1915w\" sizes=\"auto, (max-width: 766px) 100vw, 766px\" \/><\/a><\/figure>\n<\/div>\n\n\n\n<div class=\"wp-block-column is-layout-flow wp-block-column-is-layout-flow\">\n<h2 class=\"wp-block-heading has-text-align-center\">L&rsquo;\u00e9dition 2019<\/h2>\n\n\n\n<figure class=\"wp-block-image size-large\"><a href=\"https:\/\/guinguettesyvette.org\/wp-content\/uploads\/2025\/01\/2019-Plaquette_guinguettes_cut.pdf\" target=\"_blank\" rel=\" noreferrer noopener\"><img loading=\"lazy\" decoding=\"async\" width=\"780\" height=\"1024\" src=\"https:\/\/guinguettesyvette.org\/wp-content\/uploads\/2024\/04\/2019-Affiche_A4-780x1024.jpg\" alt=\"\" class=\"wp-image-897\" srcset=\"https:\/\/guinguettesyvette.org\/wp-content\/uploads\/2024\/04\/2019-Affiche_A4-780x1024.jpg 780w, https:\/\/guinguettesyvette.org\/wp-content\/uploads\/2024\/04\/2019-Affiche_A4-229x300.jpg 229w, https:\/\/guinguettesyvette.org\/wp-content\/uploads\/2024\/04\/2019-Affiche_A4-768x1008.jpg 768w, https:\/\/guinguettesyvette.org\/wp-content\/uploads\/2024\/04\/2019-Affiche_A4-1170x1536.jpg 1170w, https:\/\/guinguettesyvette.org\/wp-content\/uploads\/2024\/04\/2019-Affiche_A4-1560x2048.jpg 1560w, https:\/\/guinguettesyvette.org\/wp-content\/uploads\/2024\/04\/2019-Affiche_A4-1024x1344.jpg 1024w, https:\/\/guinguettesyvette.org\/wp-content\/uploads\/2024\/04\/2019-Affiche_A4-823x1080.jpg 823w, https:\/\/guinguettesyvette.org\/wp-content\/uploads\/2024\/04\/2019-Affiche_A4-scaled.jpg 1950w\" sizes=\"auto, (max-width: 780px) 100vw, 780px\" \/><\/a><\/figure>\n<\/div>\n\n\n\n<div class=\"wp-block-column is-layout-flow wp-block-column-is-layout-flow\">\n<h2 class=\"wp-block-heading has-text-align-center\">L&rsquo;\u00e9dition 2018<\/h2>\n\n\n\n<figure class=\"wp-block-image size-large\"><a href=\"https:\/\/guinguettesyvette.org\/wp-content\/uploads\/2024\/04\/2018-Plaquette_guinguettes.pdf\" target=\"_blank\" rel=\" noreferrer noopener\"><img loading=\"lazy\" decoding=\"async\" width=\"774\" height=\"1024\" src=\"https:\/\/guinguettesyvette.org\/wp-content\/uploads\/2024\/04\/2018-Affiche_A3-774x1024.jpg\" alt=\"\" class=\"wp-image-898\" srcset=\"https:\/\/guinguettesyvette.org\/wp-content\/uploads\/2024\/04\/2018-Affiche_A3-774x1024.jpg 774w, https:\/\/guinguettesyvette.org\/wp-content\/uploads\/2024\/04\/2018-Affiche_A3-227x300.jpg 227w, https:\/\/guinguettesyvette.org\/wp-content\/uploads\/2024\/04\/2018-Affiche_A3-768x1016.jpg 768w, https:\/\/guinguettesyvette.org\/wp-content\/uploads\/2024\/04\/2018-Affiche_A3-1161x1536.jpg 1161w, https:\/\/guinguettesyvette.org\/wp-content\/uploads\/2024\/04\/2018-Affiche_A3-1548x2048.jpg 1548w, https:\/\/guinguettesyvette.org\/wp-content\/uploads\/2024\/04\/2018-Affiche_A3-1024x1354.jpg 1024w, https:\/\/guinguettesyvette.org\/wp-content\/uploads\/2024\/04\/2018-Affiche_A3-817x1080.jpg 817w, https:\/\/guinguettesyvette.org\/wp-content\/uploads\/2024\/04\/2018-Affiche_A3-scaled.jpg 1936w\" sizes=\"auto, (max-width: 774px) 100vw, 774px\" \/><\/a><\/figure>\n<\/div>\n<\/div>\n\n\n\n<div style=\"height:20px\" aria-hidden=\"true\" class=\"wp-block-spacer\"><\/div>\n\n\n\n<div class=\"wp-block-columns is-layout-flex wp-container-core-columns-is-layout-9d6595d7 wp-block-columns-is-layout-flex\">\n<div class=\"wp-block-column is-layout-flow wp-block-column-is-layout-flow\">\n<h2 class=\"wp-block-heading has-text-align-center\">L&rsquo;\u00e9dition 2017<\/h2>\n\n\n\n<figure class=\"wp-block-image size-large\"><a href=\"https:\/\/guinguettesyvette.org\/wp-content\/uploads\/2024\/05\/2017-Plaquette_-guinguettes.pdf\" target=\"_blank\" rel=\" noreferrer noopener\"><img loading=\"lazy\" decoding=\"async\" width=\"716\" height=\"1024\" src=\"https:\/\/guinguettesyvette.org\/wp-content\/uploads\/2024\/05\/2017-Affiche-recadree1-716x1024.jpg\" alt=\"\" class=\"wp-image-913\" srcset=\"https:\/\/guinguettesyvette.org\/wp-content\/uploads\/2024\/05\/2017-Affiche-recadree1-716x1024.jpg 716w, https:\/\/guinguettesyvette.org\/wp-content\/uploads\/2024\/05\/2017-Affiche-recadree1-210x300.jpg 210w, https:\/\/guinguettesyvette.org\/wp-content\/uploads\/2024\/05\/2017-Affiche-recadree1-768x1098.jpg 768w, https:\/\/guinguettesyvette.org\/wp-content\/uploads\/2024\/05\/2017-Affiche-recadree1-1074x1536.jpg 1074w, https:\/\/guinguettesyvette.org\/wp-content\/uploads\/2024\/05\/2017-Affiche-recadree1-1432x2048.jpg 1432w, https:\/\/guinguettesyvette.org\/wp-content\/uploads\/2024\/05\/2017-Affiche-recadree1-1024x1465.jpg 1024w, https:\/\/guinguettesyvette.org\/wp-content\/uploads\/2024\/05\/2017-Affiche-recadree1-755x1080.jpg 755w, https:\/\/guinguettesyvette.org\/wp-content\/uploads\/2024\/05\/2017-Affiche-recadree1-scaled.jpg 1790w\" sizes=\"auto, (max-width: 716px) 100vw, 716px\" \/><\/a><\/figure>\n<\/div>\n\n\n\n<div class=\"wp-block-column is-layout-flow wp-block-column-is-layout-flow\"><\/div>\n\n\n\n<div class=\"wp-block-column is-layout-flow wp-block-column-is-layout-flow\"><\/div>\n<\/div>\n","protected":false},"excerpt":{"rendered":"<p>Les Guinguettes de l&rsquo;Yvette, c&rsquo;est 30 ans d&rsquo;histoire et de souvenirs ! On vous propose de vous rem\u00e9morer les derni\u00e8res \u00e9ditions avec nous et de d\u00e9couvrir leur programme ! Le programme de chaque \u00e9dition est en format pdf et contient les stands de restauration, les activit\u00e9s, les animations, les spectacles, les concerts et le plan&hellip; <br \/> <a class=\"read-more\" href=\"https:\/\/guinguettesyvette.org\/?page_id=841\">Lire la suite<\/a><\/p>\n","protected":false},"author":1,"featured_media":0,"parent":0,"menu_order":0,"comment_status":"closed","ping_status":"closed","template":"","meta":{"_themeisle_gutenberg_block_has_review":false,"footnotes":""},"class_list":["post-841","page","type-page","status-publish","hentry"],"_links":{"self":[{"href":"https:\/\/guinguettesyvette.org\/index.php?rest_route=\/wp\/v2\/pages\/841","targetHints":{"allow":["GET"]}}],"collection":[{"href":"https:\/\/guinguettesyvette.org\/index.php?rest_route=\/wp\/v2\/pages"}],"about":[{"href":"https:\/\/guinguettesyvette.org\/index.php?rest_route=\/wp\/v2\/types\/page"}],"author":[{"embeddable":true,"href":"https:\/\/guinguettesyvette.org\/index.php?rest_route=\/wp\/v2\/users\/1"}],"replies":[{"embeddable":true,"href":"https:\/\/guinguettesyvette.org\/index.php?rest_route=%2Fwp%2Fv2%2Fcomments&post=841"}],"version-history":[{"count":40,"href":"https:\/\/guinguettesyvette.org\/index.php?rest_route=\/wp\/v2\/pages\/841\/revisions"}],"predecessor-version":[{"id":1795,"href":"https:\/\/guinguettesyvette.org\/index.php?rest_route=\/wp\/v2\/pages\/841\/revisions\/1795"}],"wp:attachment":[{"href":"https:\/\/guinguettesyvette.org\/index.php?rest_route=%2Fwp%2Fv2%2Fmedia&parent=841"}],"curies":[{"name":"wp","href":"https:\/\/api.w.org\/{rel}","templated":true}]}}