{"id":745,"date":"2024-04-26T16:29:39","date_gmt":"2024-04-26T14:29:39","guid":{"rendered":"https:\/\/guinguettesyvette.org\/?p=745"},"modified":"2026-04-24T18:00:39","modified_gmt":"2026-04-24T16:00:39","slug":"a-table","status":"publish","type":"page","link":"https:\/\/guinguettesyvette.org\/?page_id=745","title":{"rendered":"Se restaurer"},"content":{"rendered":"<p><span style=\"color: #3d3b3b;\">Regarder les spectacles, participer aux activit\u00e9s et \u00e9couter les concerts, c&rsquo;est bien ! Mais avec le ventre plein, c&rsquo;est mieux !<\/span><\/p>\n<p><span style=\"color: #3d3b3b;\">Un petit creux ou une grande faim ? Vous ne serez pas d\u00e9\u00e7u.es par le choix de notre offre de restauration ! Une grande vari\u00e9t\u00e9 de nourriture est \u00e0 votre disposition. Sur les deux rives de l&rsquo;Yvette, des food trucks et des stands vous attendent pour vous r\u00e9galer !<br \/><\/span><\/p>\n\n\n<div class=\"wp-block-columns alignfull are-vertically-aligned-top has-text-color has-background is-layout-flex wp-container-core-columns-is-layout-9d6595d7 wp-block-columns-is-layout-flex\" style=\"color:#000000;background-color:#ffffff\">\n<div class=\"wp-block-column is-vertically-aligned-top is-layout-flow wp-block-column-is-layout-flow\">\n<h3 class=\"wp-block-heading has-text-align-center\" style=\"font-size:24px;line-height:1.3\"><mark style=\"background-color:rgba(0, 0, 0, 0);color:#262525\" class=\"has-inline-color\">L&rsquo;Art-I-Show<\/mark><\/h3>\n\n\n\n<p class=\"has-text-align-center\"><mark style=\"background-color:rgba(0, 0, 0, 0);color:#3d3b3b\" class=\"has-inline-color\">Rien de meilleur qu&rsquo;un bon burger accompagn\u00e9 de frites !<\/mark> <\/p>\n\n\n\n<p class=\"has-text-align-center\"><img loading=\"lazy\" decoding=\"async\" width=\"150\" height=\"176\" class=\"wp-image-751\" style=\"width: 150px;\" src=\"https:\/\/guinguettesyvette.org\/wp-content\/uploads\/2024\/04\/Art-I-Show.webp\" alt=\"\" srcset=\"https:\/\/guinguettesyvette.org\/wp-content\/uploads\/2024\/04\/Art-I-Show.webp 529w, https:\/\/guinguettesyvette.org\/wp-content\/uploads\/2024\/04\/Art-I-Show-256x300.webp 256w\" sizes=\"auto, (max-width: 150px) 100vw, 150px\" \/><\/p>\n<\/div>\n\n\n\n<div class=\"wp-block-column is-vertically-aligned-top is-layout-flow wp-block-column-is-layout-flow\">\n<h3 class=\"wp-block-heading has-text-align-center\" style=\"font-size:24px;line-height:1.3\"><mark style=\"background-color:rgba(0, 0, 0, 0);color:#262525\" class=\"has-inline-color\">Les Saveurs du Grill<\/mark><\/h3>\n\n\n\n<p class=\"has-text-align-center\"><mark style=\"background-color:rgba(0, 0, 0, 0);color:#3d3b3b\" class=\"has-inline-color\">En tant que bon carnivore, on ne peut pas passer \u00e0 cot\u00e9 des fameuses grillades portugaises.<\/mark><\/p>\n\n\n\n<p class=\"has-text-align-center\"><img loading=\"lazy\" decoding=\"async\" width=\"150\" height=\"150\" class=\"wp-image-753\" style=\"width: 150px;\" src=\"https:\/\/guinguettesyvette.org\/wp-content\/uploads\/2024\/04\/Les-saveurs-du-grill-1.jpg\" alt=\"\" srcset=\"https:\/\/guinguettesyvette.org\/wp-content\/uploads\/2024\/04\/Les-saveurs-du-grill-1.jpg 960w, https:\/\/guinguettesyvette.org\/wp-content\/uploads\/2024\/04\/Les-saveurs-du-grill-1-300x300.jpg 300w, https:\/\/guinguettesyvette.org\/wp-content\/uploads\/2024\/04\/Les-saveurs-du-grill-1-150x150.jpg 150w, https:\/\/guinguettesyvette.org\/wp-content\/uploads\/2024\/04\/Les-saveurs-du-grill-1-768x768.jpg 768w\" sizes=\"auto, (max-width: 150px) 100vw, 150px\" \/><\/p>\n<\/div>\n\n\n\n<div class=\"wp-block-column is-vertically-aligned-top is-layout-flow wp-block-column-is-layout-flow\">\n<h3 class=\"wp-block-heading has-text-align-center\" style=\"font-size:24px;line-height:1.3\"><mark style=\"background-color:rgba(0, 0, 0, 0);color:#262525\" class=\"has-inline-color\">La cocotte mobile<\/mark><\/h3>\n\n\n\n<p class=\"has-text-align-center\"><mark style=\"background-color:rgba(0, 0, 0, 0);color:#3d3b3b\" class=\"has-inline-color\">Poulet r\u00f4ti, bonheur garanti ! Voici le stand de poulet grill\u00e9 qui va faire saliver les amateurs de viande bien dor\u00e9e.<\/mark><\/p>\n\n\n<div class=\"wp-block-image\">\n<figure class=\"aligncenter size-large is-resized\"><img loading=\"lazy\" decoding=\"async\" width=\"1024\" height=\"1024\" src=\"https:\/\/guinguettesyvette.org\/wp-content\/uploads\/2024\/04\/03-Butterflied-Herb-Lemon-Platter-CFC-25729-1024x1024.jpg\" alt=\"\" class=\"wp-image-1742\" style=\"width:125px;height:auto\" srcset=\"https:\/\/guinguettesyvette.org\/wp-content\/uploads\/2024\/04\/03-Butterflied-Herb-Lemon-Platter-CFC-25729-1024x1024.jpg 1024w, https:\/\/guinguettesyvette.org\/wp-content\/uploads\/2024\/04\/03-Butterflied-Herb-Lemon-Platter-CFC-25729-300x300.jpg 300w, https:\/\/guinguettesyvette.org\/wp-content\/uploads\/2024\/04\/03-Butterflied-Herb-Lemon-Platter-CFC-25729-150x150.jpg 150w, https:\/\/guinguettesyvette.org\/wp-content\/uploads\/2024\/04\/03-Butterflied-Herb-Lemon-Platter-CFC-25729-768x768.jpg 768w, https:\/\/guinguettesyvette.org\/wp-content\/uploads\/2024\/04\/03-Butterflied-Herb-Lemon-Platter-CFC-25729-1536x1536.jpg 1536w, https:\/\/guinguettesyvette.org\/wp-content\/uploads\/2024\/04\/03-Butterflied-Herb-Lemon-Platter-CFC-25729-1080x1080.jpg 1080w, https:\/\/guinguettesyvette.org\/wp-content\/uploads\/2024\/04\/03-Butterflied-Herb-Lemon-Platter-CFC-25729.jpg 1800w\" sizes=\"auto, (max-width: 1024px) 100vw, 1024px\" \/><\/figure><\/div><\/div>\n<\/div>\n\n\n\n<hr class=\"wp-block-separator has-alpha-channel-opacity is-style-dots\"\/>\n\n\n\n<div class=\"wp-block-columns alignfull has-text-color has-background is-layout-flex wp-container-core-columns-is-layout-9d6595d7 wp-block-columns-is-layout-flex\" style=\"color:#000000;background-color:#ffffff\">\n<div class=\"wp-block-column is-layout-flow wp-block-column-is-layout-flow\">\n<h3 class=\"wp-block-heading has-text-align-center\" style=\"font-size:24px;line-height:1.3\"><mark style=\"background-color:rgba(0, 0, 0, 0);color:#262525\" class=\"has-inline-color\">Les trois fr\u00e8res<\/mark><\/h3>\n\n\n\n<p class=\"has-text-align-center\"><mark style=\"background-color:rgba(0, 0, 0, 0);color:#3d3b3b\" class=\"has-inline-color\">Saveurs afro &amp; vibes US ! Du colombo au burger, un stand qui m\u00eale riz \u00e9pic\u00e9 et snacking styl\u00e9.<\/mark><\/p>\n\n\n\n<figure class=\"wp-block-image size-full\"><img loading=\"lazy\" decoding=\"async\" width=\"275\" height=\"183\" src=\"https:\/\/guinguettesyvette.org\/wp-content\/uploads\/2024\/04\/images.jpeg\" alt=\"\" class=\"wp-image-1743\"\/><\/figure>\n<\/div>\n\n\n\n<div class=\"wp-block-column is-layout-flow wp-block-column-is-layout-flow\">\n<h3 class=\"wp-block-heading has-text-align-center\" style=\"font-size:24px;line-height:1.3\"><mark style=\"background-color:rgba(0, 0, 0, 0);color:#262525\" class=\"has-inline-color\">Pizz&rsquo;O Bio<\/mark><\/h3>\n\n\n\n<p class=\"has-text-align-center\"><mark style=\"background-color:rgba(0, 0, 0, 0);color:#3d3b3b\" class=\"has-inline-color\">Des pizzas&#8230; C&rsquo;est ce qu&rsquo;il maquait au festival ! Avec des ingr\u00e9dients frais et bio ET pr\u00e9par\u00e9es sur place ! On saura se r\u00e9galer sans aucun doute !<\/mark><\/p>\n\n\n\n<p class=\"has-text-align-center\"><img loading=\"lazy\" decoding=\"async\" width=\"150\" height=\"225\" class=\"wp-image-763\" style=\"width: 150px;\" src=\"https:\/\/guinguettesyvette.org\/wp-content\/uploads\/2024\/04\/Pizz-O-bio-scaled.jpg\" alt=\"\" srcset=\"https:\/\/guinguettesyvette.org\/wp-content\/uploads\/2024\/04\/Pizz-O-bio-scaled.jpg 1707w, https:\/\/guinguettesyvette.org\/wp-content\/uploads\/2024\/04\/Pizz-O-bio-200x300.jpg 200w, https:\/\/guinguettesyvette.org\/wp-content\/uploads\/2024\/04\/Pizz-O-bio-683x1024.jpg 683w, https:\/\/guinguettesyvette.org\/wp-content\/uploads\/2024\/04\/Pizz-O-bio-768x1152.jpg 768w, https:\/\/guinguettesyvette.org\/wp-content\/uploads\/2024\/04\/Pizz-O-bio-1024x1536.jpg 1024w, https:\/\/guinguettesyvette.org\/wp-content\/uploads\/2024\/04\/Pizz-O-bio-1365x2048.jpg 1365w, https:\/\/guinguettesyvette.org\/wp-content\/uploads\/2024\/04\/Pizz-O-bio-720x1080.jpg 720w\" sizes=\"auto, (max-width: 150px) 100vw, 150px\" \/><\/p>\n<\/div>\n\n\n\n<div class=\"wp-block-column is-layout-flow wp-block-column-is-layout-flow\">\n<h3 class=\"wp-block-heading has-text-align-center\">Tcha food truck<\/h3>\n\n\n\n<p class=\"has-text-align-center\">Asie en bouche ! Wok, nems, bao\u2026 un stand entre tradition et street food \u00e0 savourer sans mod\u00e9ration.<\/p>\n\n\n\n<figure class=\"wp-block-image size-full\"><img loading=\"lazy\" decoding=\"async\" width=\"960\" height=\"640\" src=\"https:\/\/guinguettesyvette.org\/wp-content\/uploads\/2024\/04\/noun-restaurant-street-food-asiatique-gua-bo-spring-rolls-960x640-1.png\" alt=\"\" class=\"wp-image-1744\" srcset=\"https:\/\/guinguettesyvette.org\/wp-content\/uploads\/2024\/04\/noun-restaurant-street-food-asiatique-gua-bo-spring-rolls-960x640-1.png 960w, https:\/\/guinguettesyvette.org\/wp-content\/uploads\/2024\/04\/noun-restaurant-street-food-asiatique-gua-bo-spring-rolls-960x640-1-300x200.png 300w, https:\/\/guinguettesyvette.org\/wp-content\/uploads\/2024\/04\/noun-restaurant-street-food-asiatique-gua-bo-spring-rolls-960x640-1-768x512.png 768w\" sizes=\"auto, (max-width: 960px) 100vw, 960px\" \/><\/figure>\n<\/div>\n<\/div>\n\n\n\n<hr class=\"wp-block-separator has-alpha-channel-opacity is-style-dots\"\/>\n\n\n\n<div class=\"wp-block-columns is-layout-flex wp-container-core-columns-is-layout-9d6595d7 wp-block-columns-is-layout-flex\">\n<div class=\"wp-block-column is-layout-flow wp-block-column-is-layout-flow\">\n<h3 class=\"wp-block-heading has-text-align-center\">Gambia kunda<\/h3>\n\n\n\n<p class=\"has-text-align-center\">Doux retour en enfance ! Un stand de confiseries et barbe \u00e0 papa pour fondre de plaisir.<\/p>\n\n\n<div class=\"wp-block-image\">\n<figure class=\"aligncenter size-full is-resized\"><img loading=\"lazy\" decoding=\"async\" width=\"974\" height=\"977\" src=\"https:\/\/guinguettesyvette.org\/wp-content\/uploads\/2024\/04\/barbe-a-papa.webp\" alt=\"\" class=\"wp-image-1745\" style=\"width:219px;height:auto\" srcset=\"https:\/\/guinguettesyvette.org\/wp-content\/uploads\/2024\/04\/barbe-a-papa.webp 974w, https:\/\/guinguettesyvette.org\/wp-content\/uploads\/2024\/04\/barbe-a-papa-300x300.webp 300w, https:\/\/guinguettesyvette.org\/wp-content\/uploads\/2024\/04\/barbe-a-papa-150x150.webp 150w, https:\/\/guinguettesyvette.org\/wp-content\/uploads\/2024\/04\/barbe-a-papa-768x770.webp 768w\" sizes=\"auto, (max-width: 974px) 100vw, 974px\" \/><\/figure><\/div><\/div>\n\n\n\n<div class=\"wp-block-column is-layout-flow wp-block-column-is-layout-flow\">\n<h3 class=\"wp-block-heading has-text-align-center\">Home sweet bowls<\/h3>\n\n\n\n<p class=\"has-text-align-center\">\u00c9vasion tha\u00ef en un bowl ! Des saveurs fra\u00eeches et \u00e9pic\u00e9es \u00e0 d\u00e9guster \u00e0 la cuill\u00e8re.<\/p>\n\n\n\n<figure class=\"wp-block-image size-full\"><img loading=\"lazy\" decoding=\"async\" width=\"272\" height=\"185\" src=\"https:\/\/guinguettesyvette.org\/wp-content\/uploads\/2024\/04\/images-2.jpeg\" alt=\"\" class=\"wp-image-1746\"\/><\/figure>\n<\/div>\n\n\n\n<div class=\"wp-block-column is-layout-flow wp-block-column-is-layout-flow\"><\/div>\n<\/div>\n\n\n<p><span style=\"color: #3d3b3b;\">En plus de ces propositions app\u00e9tissantes, vous pouvez retrouver les stands tenus par nos b\u00e9n\u00e9voles :<\/span><\/p>\n<ul>\n<li><span style=\"color: #3d3b3b;\">Le stand de saucisses frites de Chez Boby.<\/span><\/li>\n<\/ul>\n<p>\u00a0<\/p>\n\n\n<div class=\"wp-block-columns alignfull has-text-color has-background is-layout-flex wp-container-core-columns-is-layout-9d6595d7 wp-block-columns-is-layout-flex\" style=\"color:#000000;background-color:#ffffff\"><\/div>\n","protected":false},"excerpt":{"rendered":"<p>Regarder les spectacles, participer aux activit\u00e9s et \u00e9couter les concerts, c&rsquo;est bien ! Mais avec le ventre plein, c&rsquo;est mieux ! Un petit creux ou une grande faim ? Vous ne serez pas d\u00e9\u00e7u.es par le choix de notre offre de restauration ! Une grande vari\u00e9t\u00e9 de nourriture est \u00e0 votre disposition. Sur les deux&hellip; <br \/> <a class=\"read-more\" href=\"https:\/\/guinguettesyvette.org\/?page_id=745\">Lire la suite<\/a><\/p>\n","protected":false},"author":1,"featured_media":0,"parent":0,"menu_order":0,"comment_status":"closed","ping_status":"closed","template":"","meta":{"_themeisle_gutenberg_block_has_review":false,"footnotes":""},"class_list":["post-745","page","type-page","status-publish","hentry"],"_links":{"self":[{"href":"https:\/\/guinguettesyvette.org\/index.php?rest_route=\/wp\/v2\/pages\/745","targetHints":{"allow":["GET"]}}],"collection":[{"href":"https:\/\/guinguettesyvette.org\/index.php?rest_route=\/wp\/v2\/pages"}],"about":[{"href":"https:\/\/guinguettesyvette.org\/index.php?rest_route=\/wp\/v2\/types\/page"}],"author":[{"embeddable":true,"href":"https:\/\/guinguettesyvette.org\/index.php?rest_route=\/wp\/v2\/users\/1"}],"replies":[{"embeddable":true,"href":"https:\/\/guinguettesyvette.org\/index.php?rest_route=%2Fwp%2Fv2%2Fcomments&post=745"}],"version-history":[{"count":27,"href":"https:\/\/guinguettesyvette.org\/index.php?rest_route=\/wp\/v2\/pages\/745\/revisions"}],"predecessor-version":[{"id":1747,"href":"https:\/\/guinguettesyvette.org\/index.php?rest_route=\/wp\/v2\/pages\/745\/revisions\/1747"}],"wp:attachment":[{"href":"https:\/\/guinguettesyvette.org\/index.php?rest_route=%2Fwp%2Fv2%2Fmedia&parent=745"}],"curies":[{"name":"wp","href":"https:\/\/api.w.org\/{rel}","templated":true}]}}