{"id":1889,"date":"2026-04-30T16:07:49","date_gmt":"2026-04-30T14:07:49","guid":{"rendered":"https:\/\/guinguettesyvette.org\/?page_id=1889"},"modified":"2026-05-06T16:48:13","modified_gmt":"2026-05-06T14:48:13","slug":"concerts","status":"publish","type":"page","link":"https:\/\/guinguettesyvette.org\/?page_id=1889","title":{"rendered":"Concerts"},"content":{"rendered":"<div class=\"is-style-boxed wp-block-themeisle-blocks-posts-grid\" id=\"wp-block-themeisle-blocks-posts-grid-a649d37d\"><div class=\"is-grid o-posts-grid-columns-3\"><div class=\"o-posts-grid-post-blog o-posts-grid-post-plain\"><div class=\"o-posts-grid-post\"><div class=\"o-posts-grid-post-image\"><a href=\"https:\/\/guinguettesyvette.org\/?activite=goulamask\"><img loading=\"lazy\" decoding=\"async\" width=\"2560\" height=\"1548\" src=\"https:\/\/guinguettesyvette.org\/wp-content\/uploads\/2026\/04\/GoulamasK22-04_st-marcel1_300-scaled_copie-scaled.jpg\" class=\"attachment-full size-full\" alt=\"Goulamas&rsquo;K\" srcset=\"https:\/\/guinguettesyvette.org\/wp-content\/uploads\/2026\/04\/GoulamasK22-04_st-marcel1_300-scaled_copie-scaled.jpg 2560w, https:\/\/guinguettesyvette.org\/wp-content\/uploads\/2026\/04\/GoulamasK22-04_st-marcel1_300-scaled_copie-300x181.jpg 300w, https:\/\/guinguettesyvette.org\/wp-content\/uploads\/2026\/04\/GoulamasK22-04_st-marcel1_300-scaled_copie-1024x619.jpg 1024w, https:\/\/guinguettesyvette.org\/wp-content\/uploads\/2026\/04\/GoulamasK22-04_st-marcel1_300-scaled_copie-768x465.jpg 768w, https:\/\/guinguettesyvette.org\/wp-content\/uploads\/2026\/04\/GoulamasK22-04_st-marcel1_300-scaled_copie-1536x929.jpg 1536w, https:\/\/guinguettesyvette.org\/wp-content\/uploads\/2026\/04\/GoulamasK22-04_st-marcel1_300-scaled_copie-2048x1239.jpg 2048w, https:\/\/guinguettesyvette.org\/wp-content\/uploads\/2026\/04\/GoulamasK22-04_st-marcel1_300-scaled_copie-1786x1080.jpg 1786w\" sizes=\"(max-width: 2560px) 100vw, 2560px\" \/><\/a><\/div><div class=\"o-posts-grid-post-body\"><h4 class=\"o-posts-grid-post-title\"><a href=\"https:\/\/guinguettesyvette.org\/?activite=goulamask\">Goulamas&rsquo;K<\/a><\/h4><p class=\"o-posts-grid-post-meta\"> \/ <a href=\"https:\/\/guinguettesyvette.org\/?cat=9\">Concerts<\/a>, <a href=\"https:\/\/guinguettesyvette.org\/?cat=28\">Samedi 6 juin<\/a><\/p><div class=\"o-posts-grid-post-description\"><p>V\u00e9ritable d\u00e9flagration d\u2019\u00e9nergie contagieuse, Goulamas\u2019K investit la sc\u00e8ne avec un ska-punk trad exp\u2026<\/p><a class=\"o-posts-read-more\" href=\"https:\/\/guinguettesyvette.org\/?activite=goulamask\">Read More<\/a><\/div><\/div><\/div><\/div><div class=\"o-posts-grid-post-blog o-posts-grid-post-plain\"><div class=\"o-posts-grid-post\"><div class=\"o-posts-grid-post-image\"><a href=\"https:\/\/guinguettesyvette.org\/?activite=guilhem-desq\"><img loading=\"lazy\" decoding=\"async\" width=\"800\" height=\"533\" src=\"https:\/\/guinguettesyvette.org\/wp-content\/uploads\/2026\/04\/Guilhelm-Desq.jpg\" class=\"attachment-full size-full\" alt=\"Guilhem Desq\" srcset=\"https:\/\/guinguettesyvette.org\/wp-content\/uploads\/2026\/04\/Guilhelm-Desq.jpg 800w, https:\/\/guinguettesyvette.org\/wp-content\/uploads\/2026\/04\/Guilhelm-Desq-300x200.jpg 300w, https:\/\/guinguettesyvette.org\/wp-content\/uploads\/2026\/04\/Guilhelm-Desq-768x512.jpg 768w\" sizes=\"(max-width: 800px) 100vw, 800px\" \/><\/a><\/div><div class=\"o-posts-grid-post-body\"><h4 class=\"o-posts-grid-post-title\"><a href=\"https:\/\/guinguettesyvette.org\/?activite=guilhem-desq\">Guilhem Desq<\/a><\/h4><p class=\"o-posts-grid-post-meta\"> \/ <a href=\"https:\/\/guinguettesyvette.org\/?cat=9\">Concerts<\/a>, <a href=\"https:\/\/guinguettesyvette.org\/?cat=31\">Dimanche 7 juin<\/a><\/p><div class=\"o-posts-grid-post-description\"><p>Guilhelm Desq propose une exp\u00e9rience sonore hors du commun en revisitant un instrument traditionnel \u2026<\/p><a class=\"o-posts-read-more\" href=\"https:\/\/guinguettesyvette.org\/?activite=guilhem-desq\">Read More<\/a><\/div><\/div><\/div><\/div><div class=\"o-posts-grid-post-blog o-posts-grid-post-plain\"><div class=\"o-posts-grid-post\"><div class=\"o-posts-grid-post-image\"><a href=\"https:\/\/guinguettesyvette.org\/?activite=les-sulfateurs-occitans\"><img loading=\"lazy\" decoding=\"async\" width=\"2560\" height=\"1699\" src=\"https:\/\/guinguettesyvette.org\/wp-content\/uploads\/2026\/04\/SULF21_vigne-scaled.jpg\" class=\"attachment-full size-full\" alt=\"Les Sulfateurs Occitans\" srcset=\"https:\/\/guinguettesyvette.org\/wp-content\/uploads\/2026\/04\/SULF21_vigne-scaled.jpg 2560w, https:\/\/guinguettesyvette.org\/wp-content\/uploads\/2026\/04\/SULF21_vigne-300x199.jpg 300w, https:\/\/guinguettesyvette.org\/wp-content\/uploads\/2026\/04\/SULF21_vigne-1024x680.jpg 1024w, https:\/\/guinguettesyvette.org\/wp-content\/uploads\/2026\/04\/SULF21_vigne-768x510.jpg 768w, https:\/\/guinguettesyvette.org\/wp-content\/uploads\/2026\/04\/SULF21_vigne-1536x1019.jpg 1536w, https:\/\/guinguettesyvette.org\/wp-content\/uploads\/2026\/04\/SULF21_vigne-2048x1359.jpg 2048w, https:\/\/guinguettesyvette.org\/wp-content\/uploads\/2026\/04\/SULF21_vigne-1627x1080.jpg 1627w\" sizes=\"(max-width: 2560px) 100vw, 2560px\" \/><\/a><\/div><div class=\"o-posts-grid-post-body\"><h4 class=\"o-posts-grid-post-title\"><a href=\"https:\/\/guinguettesyvette.org\/?activite=les-sulfateurs-occitans\">Les Sulfateurs Occitans<\/a><\/h4><p class=\"o-posts-grid-post-meta\"> \/ <a href=\"https:\/\/guinguettesyvette.org\/?cat=9\">Concerts<\/a>, <a href=\"https:\/\/guinguettesyvette.org\/?cat=31\">Dimanche 7 juin<\/a><\/p><div class=\"o-posts-grid-post-description\"><p>\u00c0 travers leur musique, n\u00e9e de la rencontre de la rencontre entre musiciens trad et rock, les Sulfat\u2026<\/p><a class=\"o-posts-read-more\" href=\"https:\/\/guinguettesyvette.org\/?activite=les-sulfateurs-occitans\">Read More<\/a><\/div><\/div><\/div><\/div><div class=\"o-posts-grid-post-blog o-posts-grid-post-plain\"><div class=\"o-posts-grid-post\"><div class=\"o-posts-grid-post-image\"><a href=\"https:\/\/guinguettesyvette.org\/?activite=maggy-bolle\"><img loading=\"lazy\" decoding=\"async\" width=\"710\" height=\"470\" src=\"https:\/\/guinguettesyvette.org\/wp-content\/uploads\/2026\/04\/JPTM-slider2-e1778070661980.jpg\" class=\"attachment-full size-full\" alt=\"Maggy Bolle\" srcset=\"https:\/\/guinguettesyvette.org\/wp-content\/uploads\/2026\/04\/JPTM-slider2-e1778070661980.jpg 710w, https:\/\/guinguettesyvette.org\/wp-content\/uploads\/2026\/04\/JPTM-slider2-e1778070661980-300x199.jpg 300w\" sizes=\"(max-width: 710px) 100vw, 710px\" \/><\/a><\/div><div class=\"o-posts-grid-post-body\"><h4 class=\"o-posts-grid-post-title\"><a href=\"https:\/\/guinguettesyvette.org\/?activite=maggy-bolle\">Maggy Bolle<\/a><\/h4><p class=\"o-posts-grid-post-meta\"> \/ <a href=\"https:\/\/guinguettesyvette.org\/?cat=9\">Concerts<\/a>, <a href=\"https:\/\/guinguettesyvette.org\/?cat=28\">Samedi 6 juin<\/a><\/p><div class=\"o-posts-grid-post-description\"><p>Entre les mains de Maggy Bolle, la chanson fran\u00e7aise retrouve ses plus belles heures de caf\u00e9-th\u00e9\u00e2tre\u2026<\/p><a class=\"o-posts-read-more\" href=\"https:\/\/guinguettesyvette.org\/?activite=maggy-bolle\">Read More<\/a><\/div><\/div><\/div><\/div><div class=\"o-posts-grid-post-blog o-posts-grid-post-plain\"><div class=\"o-posts-grid-post\"><div class=\"o-posts-grid-post-image\"><a href=\"https:\/\/guinguettesyvette.org\/?activite=souleyma\"><img loading=\"lazy\" decoding=\"async\" width=\"1536\" height=\"1024\" src=\"https:\/\/guinguettesyvette.org\/wp-content\/uploads\/2026\/04\/souleyma-.png\" class=\"attachment-full size-full\" alt=\"Souleyma\" srcset=\"https:\/\/guinguettesyvette.org\/wp-content\/uploads\/2026\/04\/souleyma-.png 1536w, https:\/\/guinguettesyvette.org\/wp-content\/uploads\/2026\/04\/souleyma--300x200.png 300w, https:\/\/guinguettesyvette.org\/wp-content\/uploads\/2026\/04\/souleyma--1024x683.png 1024w, https:\/\/guinguettesyvette.org\/wp-content\/uploads\/2026\/04\/souleyma--768x512.png 768w\" sizes=\"(max-width: 1536px) 100vw, 1536px\" \/><\/a><\/div><div class=\"o-posts-grid-post-body\"><h4 class=\"o-posts-grid-post-title\"><a href=\"https:\/\/guinguettesyvette.org\/?activite=souleyma\">Souleyma<\/a><\/h4><p class=\"o-posts-grid-post-meta\"> \/ <a href=\"https:\/\/guinguettesyvette.org\/?cat=9\">Concerts<\/a>, <a href=\"https:\/\/guinguettesyvette.org\/?cat=28\">Samedi 6 juin<\/a><\/p><div class=\"o-posts-grid-post-description\"><p>De l\u2019Andalousie au monde moderne, du Moyen-Orient au Maghreb, l\u2019ensemble Souleyma vous propose une d\u2026<\/p><a class=\"o-posts-read-more\" href=\"https:\/\/guinguettesyvette.org\/?activite=souleyma\">Read More<\/a><\/div><\/div><\/div><\/div><\/div> <\/div>","protected":false},"excerpt":{"rendered":"","protected":false},"author":3,"featured_media":0,"parent":0,"menu_order":0,"comment_status":"closed","ping_status":"closed","template":"","meta":{"_themeisle_gutenberg_block_has_review":false,"footnotes":""},"class_list":["post-1889","page","type-page","status-publish","hentry"],"_links":{"self":[{"href":"https:\/\/guinguettesyvette.org\/index.php?rest_route=\/wp\/v2\/pages\/1889","targetHints":{"allow":["GET"]}}],"collection":[{"href":"https:\/\/guinguettesyvette.org\/index.php?rest_route=\/wp\/v2\/pages"}],"about":[{"href":"https:\/\/guinguettesyvette.org\/index.php?rest_route=\/wp\/v2\/types\/page"}],"author":[{"embeddable":true,"href":"https:\/\/guinguettesyvette.org\/index.php?rest_route=\/wp\/v2\/users\/3"}],"replies":[{"embeddable":true,"href":"https:\/\/guinguettesyvette.org\/index.php?rest_route=%2Fwp%2Fv2%2Fcomments&post=1889"}],"version-history":[{"count":3,"href":"https:\/\/guinguettesyvette.org\/index.php?rest_route=\/wp\/v2\/pages\/1889\/revisions"}],"predecessor-version":[{"id":2079,"href":"https:\/\/guinguettesyvette.org\/index.php?rest_route=\/wp\/v2\/pages\/1889\/revisions\/2079"}],"wp:attachment":[{"href":"https:\/\/guinguettesyvette.org\/index.php?rest_route=%2Fwp%2Fv2%2Fmedia&parent=1889"}],"curies":[{"name":"wp","href":"https:\/\/api.w.org\/{rel}","templated":true}]}}