{"id":1887,"date":"2026-04-30T16:07:33","date_gmt":"2026-04-30T14:07:33","guid":{"rendered":"https:\/\/guinguettesyvette.org\/?page_id=1887"},"modified":"2026-05-07T16:43:22","modified_gmt":"2026-05-07T14:43:22","slug":"spectacles","status":"publish","type":"page","link":"https:\/\/guinguettesyvette.org\/?page_id=1887","title":{"rendered":"Spectacles"},"content":{"rendered":"<div class=\" is-style-boxed wp-block-themeisle-blocks-posts-grid\" id=\"wp-block-themeisle-blocks-posts-grid-d85ad7b0\"><div class=\"is-grid o-posts-grid-columns-3\"><div class=\"o-posts-grid-post-blog o-posts-grid-post-plain\"><div class=\"o-posts-grid-post\"><div class=\"o-posts-grid-post-image\"><a href=\"https:\/\/guinguettesyvette.org\/?activite=3-petits-cochons\"><img loading=\"lazy\" decoding=\"async\" width=\"2560\" height=\"1725\" src=\"https:\/\/guinguettesyvette.org\/wp-content\/uploads\/2026\/04\/cotelettes1-scaled.jpg\" class=\"attachment-full size-full\" alt=\"3 petits cochons\" srcset=\"https:\/\/guinguettesyvette.org\/wp-content\/uploads\/2026\/04\/cotelettes1-scaled.jpg 2560w, https:\/\/guinguettesyvette.org\/wp-content\/uploads\/2026\/04\/cotelettes1-300x202.jpg 300w, https:\/\/guinguettesyvette.org\/wp-content\/uploads\/2026\/04\/cotelettes1-1024x690.jpg 1024w, https:\/\/guinguettesyvette.org\/wp-content\/uploads\/2026\/04\/cotelettes1-768x518.jpg 768w, https:\/\/guinguettesyvette.org\/wp-content\/uploads\/2026\/04\/cotelettes1-1536x1035.jpg 1536w, https:\/\/guinguettesyvette.org\/wp-content\/uploads\/2026\/04\/cotelettes1-2048x1380.jpg 2048w, https:\/\/guinguettesyvette.org\/wp-content\/uploads\/2026\/04\/cotelettes1-1603x1080.jpg 1603w\" sizes=\"(max-width: 2560px) 100vw, 2560px\" \/><\/a><\/div><div class=\"o-posts-grid-post-body\"><h4 class=\"o-posts-grid-post-title\"><a href=\"https:\/\/guinguettesyvette.org\/?activite=3-petits-cochons\">3 petits cochons<\/a><\/h4><p class=\"o-posts-grid-post-meta\"> \/ <a href=\"https:\/\/guinguettesyvette.org\/?cat=28\">Samedi 6 juin<\/a>, <a href=\"https:\/\/guinguettesyvette.org\/?cat=8\">Spectacles<\/a><\/p><div class=\"o-posts-grid-post-description\"><p>Oubliez la version \u00e9dulcor\u00e9e de votre enfance : le Th\u00e9\u00e2tre Magnetic d\u00e9barque de Belgique avec une ve\u2026<\/p><a class=\"o-posts-read-more\" href=\"https:\/\/guinguettesyvette.org\/?activite=3-petits-cochons\">Read More<\/a><\/div><\/div><\/div><\/div><div class=\"o-posts-grid-post-blog o-posts-grid-post-plain\"><div class=\"o-posts-grid-post\"><div class=\"o-posts-grid-post-image\"><a href=\"https:\/\/guinguettesyvette.org\/?activite=coeur-de-patate\"><img loading=\"lazy\" decoding=\"async\" width=\"2560\" height=\"1707\" src=\"https:\/\/guinguettesyvette.org\/wp-content\/uploads\/2026\/04\/GER_SPENDEL02-scaled.jpg\" class=\"attachment-full size-full\" alt=\"C\u0153ur de Patate\" srcset=\"https:\/\/guinguettesyvette.org\/wp-content\/uploads\/2026\/04\/GER_SPENDEL02-scaled.jpg 2560w, https:\/\/guinguettesyvette.org\/wp-content\/uploads\/2026\/04\/GER_SPENDEL02-300x200.jpg 300w, https:\/\/guinguettesyvette.org\/wp-content\/uploads\/2026\/04\/GER_SPENDEL02-1024x683.jpg 1024w, https:\/\/guinguettesyvette.org\/wp-content\/uploads\/2026\/04\/GER_SPENDEL02-768x512.jpg 768w, https:\/\/guinguettesyvette.org\/wp-content\/uploads\/2026\/04\/GER_SPENDEL02-1536x1024.jpg 1536w, https:\/\/guinguettesyvette.org\/wp-content\/uploads\/2026\/04\/GER_SPENDEL02-2048x1365.jpg 2048w, https:\/\/guinguettesyvette.org\/wp-content\/uploads\/2026\/04\/GER_SPENDEL02-1620x1080.jpg 1620w\" sizes=\"(max-width: 2560px) 100vw, 2560px\" \/><\/a><\/div><div class=\"o-posts-grid-post-body\"><h4 class=\"o-posts-grid-post-title\"><a href=\"https:\/\/guinguettesyvette.org\/?activite=coeur-de-patate\">C\u0153ur de Patate<\/a><\/h4><p class=\"o-posts-grid-post-meta\"> \/ <a href=\"https:\/\/guinguettesyvette.org\/?cat=31\">Dimanche 7 juin<\/a>, <a href=\"https:\/\/guinguettesyvette.org\/?cat=28\">Samedi 6 juin<\/a>, <a href=\"https:\/\/guinguettesyvette.org\/?cat=8\">Spectacles<\/a><\/p><div class=\"o-posts-grid-post-description\"><p>Soutenu par le compagnonnage du Tof Th\u00e9\u00e2tre, &quot;C\u0153ur de Patate&quot; est une forme courte de th\u00e9\u00e2tre d&#039;obje\u2026<\/p><a class=\"o-posts-read-more\" href=\"https:\/\/guinguettesyvette.org\/?activite=coeur-de-patate\">Read More<\/a><\/div><\/div><\/div><\/div><div class=\"o-posts-grid-post-blog o-posts-grid-post-plain\"><div class=\"o-posts-grid-post\"><div class=\"o-posts-grid-post-image\"><a href=\"https:\/\/guinguettesyvette.org\/?activite=echappee-vieille\"><img loading=\"lazy\" decoding=\"async\" width=\"2560\" height=\"1920\" src=\"https:\/\/guinguettesyvette.org\/wp-content\/uploads\/2026\/04\/alainMoreau-scaled.jpg\" class=\"attachment-full size-full\" alt=\"\u00c9chapp\u00e9e Vieille\" srcset=\"https:\/\/guinguettesyvette.org\/wp-content\/uploads\/2026\/04\/alainMoreau-scaled.jpg 2560w, https:\/\/guinguettesyvette.org\/wp-content\/uploads\/2026\/04\/alainMoreau-300x225.jpg 300w, https:\/\/guinguettesyvette.org\/wp-content\/uploads\/2026\/04\/alainMoreau-1024x768.jpg 1024w, https:\/\/guinguettesyvette.org\/wp-content\/uploads\/2026\/04\/alainMoreau-768x576.jpg 768w, https:\/\/guinguettesyvette.org\/wp-content\/uploads\/2026\/04\/alainMoreau-1536x1152.jpg 1536w, https:\/\/guinguettesyvette.org\/wp-content\/uploads\/2026\/04\/alainMoreau-2048x1536.jpg 2048w, https:\/\/guinguettesyvette.org\/wp-content\/uploads\/2026\/04\/alainMoreau-1440x1080.jpg 1440w\" sizes=\"(max-width: 2560px) 100vw, 2560px\" \/><\/a><\/div><div class=\"o-posts-grid-post-body\"><h4 class=\"o-posts-grid-post-title\"><a href=\"https:\/\/guinguettesyvette.org\/?activite=echappee-vieille\">\u00c9chapp\u00e9e Vieille<\/a><\/h4><p class=\"o-posts-grid-post-meta\"> \/ <a href=\"https:\/\/guinguettesyvette.org\/?cat=31\">Dimanche 7 juin<\/a>, <a href=\"https:\/\/guinguettesyvette.org\/?cat=28\">Samedi 6 juin<\/a>, <a href=\"https:\/\/guinguettesyvette.org\/?cat=8\">Spectacles<\/a><\/p><div class=\"o-posts-grid-post-description\"><p>La compagnie Tof Th\u00e9\u00e2tre pr\u00e9sente un spectacle de marionnettes d\u00e9cal\u00e9 mettant en sc\u00e8ne des retrait\u00e9s\u2026<\/p><a class=\"o-posts-read-more\" href=\"https:\/\/guinguettesyvette.org\/?activite=echappee-vieille\">Read More<\/a><\/div><\/div><\/div><\/div><div class=\"o-posts-grid-post-blog o-posts-grid-post-plain\"><div class=\"o-posts-grid-post\"><div class=\"o-posts-grid-post-image\"><a href=\"https:\/\/guinguettesyvette.org\/?activite=et-les-7-nains\"><img loading=\"lazy\" decoding=\"async\" width=\"2560\" height=\"1801\" src=\"https:\/\/guinguettesyvette.org\/wp-content\/uploads\/2026\/04\/credit-Bernard-Boudru_2-scaled.jpg\" class=\"attachment-full size-full\" alt=\"Et les 7 nains\" srcset=\"https:\/\/guinguettesyvette.org\/wp-content\/uploads\/2026\/04\/credit-Bernard-Boudru_2-scaled.jpg 2560w, https:\/\/guinguettesyvette.org\/wp-content\/uploads\/2026\/04\/credit-Bernard-Boudru_2-300x211.jpg 300w, https:\/\/guinguettesyvette.org\/wp-content\/uploads\/2026\/04\/credit-Bernard-Boudru_2-1024x720.jpg 1024w, https:\/\/guinguettesyvette.org\/wp-content\/uploads\/2026\/04\/credit-Bernard-Boudru_2-768x540.jpg 768w, https:\/\/guinguettesyvette.org\/wp-content\/uploads\/2026\/04\/credit-Bernard-Boudru_2-1536x1080.jpg 1536w, https:\/\/guinguettesyvette.org\/wp-content\/uploads\/2026\/04\/credit-Bernard-Boudru_2-2048x1440.jpg 2048w, https:\/\/guinguettesyvette.org\/wp-content\/uploads\/2026\/04\/credit-Bernard-Boudru_2-1535x1080.jpg 1535w\" sizes=\"(max-width: 2560px) 100vw, 2560px\" \/><\/a><\/div><div class=\"o-posts-grid-post-body\"><h4 class=\"o-posts-grid-post-title\"><a href=\"https:\/\/guinguettesyvette.org\/?activite=et-les-7-nains\">Et les 7 nains<\/a><\/h4><p class=\"o-posts-grid-post-meta\"> \/ <a href=\"https:\/\/guinguettesyvette.org\/?cat=28\">Samedi 6 juin<\/a>, <a href=\"https:\/\/guinguettesyvette.org\/?cat=8\">Spectacles<\/a><\/p><div class=\"o-posts-grid-post-description\"><p>Port\u00e9 par la compagnie Th\u00e9\u00e2tre Magn\u00e9tic, Et les 7 nains est un spectacle d\u2019objets intens\u00e9ment d\u00e9lira\u2026<\/p><a class=\"o-posts-read-more\" href=\"https:\/\/guinguettesyvette.org\/?activite=et-les-7-nains\">Read More<\/a><\/div><\/div><\/div><\/div><div class=\"o-posts-grid-post-blog o-posts-grid-post-plain\"><div class=\"o-posts-grid-post\"><div class=\"o-posts-grid-post-image\"><a href=\"https:\/\/guinguettesyvette.org\/?activite=la-ferme\"><img loading=\"lazy\" decoding=\"async\" width=\"2560\" height=\"1920\" src=\"https:\/\/guinguettesyvette.org\/wp-content\/uploads\/2026\/04\/Magnetic4-scaled.jpg\" class=\"attachment-full size-full\" alt=\"La ferme\" srcset=\"https:\/\/guinguettesyvette.org\/wp-content\/uploads\/2026\/04\/Magnetic4-scaled.jpg 2560w, https:\/\/guinguettesyvette.org\/wp-content\/uploads\/2026\/04\/Magnetic4-300x225.jpg 300w, https:\/\/guinguettesyvette.org\/wp-content\/uploads\/2026\/04\/Magnetic4-1024x768.jpg 1024w, https:\/\/guinguettesyvette.org\/wp-content\/uploads\/2026\/04\/Magnetic4-768x576.jpg 768w, https:\/\/guinguettesyvette.org\/wp-content\/uploads\/2026\/04\/Magnetic4-1536x1152.jpg 1536w, https:\/\/guinguettesyvette.org\/wp-content\/uploads\/2026\/04\/Magnetic4-2048x1536.jpg 2048w, https:\/\/guinguettesyvette.org\/wp-content\/uploads\/2026\/04\/Magnetic4-1440x1080.jpg 1440w\" sizes=\"(max-width: 2560px) 100vw, 2560px\" \/><\/a><\/div><div class=\"o-posts-grid-post-body\"><h4 class=\"o-posts-grid-post-title\"><a href=\"https:\/\/guinguettesyvette.org\/?activite=la-ferme\">La ferme<\/a><\/h4><p class=\"o-posts-grid-post-meta\"> \/ <a href=\"https:\/\/guinguettesyvette.org\/?cat=31\">Dimanche 7 juin<\/a>, <a href=\"https:\/\/guinguettesyvette.org\/?cat=8\">Spectacles<\/a><\/p><div class=\"o-posts-grid-post-description\"><p>Port\u00e9e par la compagnie Th\u00e9\u00e2tre Magnetic, La Ferme est une incursion burlesque et d\u00e9cal\u00e9e dans le mo\u2026<\/p><a class=\"o-posts-read-more\" href=\"https:\/\/guinguettesyvette.org\/?activite=la-ferme\">Read More<\/a><\/div><\/div><\/div><\/div><div class=\"o-posts-grid-post-blog o-posts-grid-post-plain\"><div class=\"o-posts-grid-post\"><div class=\"o-posts-grid-post-image\"><a href=\"https:\/\/guinguettesyvette.org\/?activite=longue-distance\"><img loading=\"lazy\" decoding=\"async\" width=\"2560\" height=\"1707\" src=\"https:\/\/guinguettesyvette.org\/wp-content\/uploads\/2026\/04\/4E8A5410-scaled.jpg\" class=\"attachment-full size-full\" alt=\"Longue Distance\" srcset=\"https:\/\/guinguettesyvette.org\/wp-content\/uploads\/2026\/04\/4E8A5410-scaled.jpg 2560w, https:\/\/guinguettesyvette.org\/wp-content\/uploads\/2026\/04\/4E8A5410-300x200.jpg 300w, https:\/\/guinguettesyvette.org\/wp-content\/uploads\/2026\/04\/4E8A5410-1024x683.jpg 1024w, https:\/\/guinguettesyvette.org\/wp-content\/uploads\/2026\/04\/4E8A5410-768x512.jpg 768w, https:\/\/guinguettesyvette.org\/wp-content\/uploads\/2026\/04\/4E8A5410-1536x1024.jpg 1536w, https:\/\/guinguettesyvette.org\/wp-content\/uploads\/2026\/04\/4E8A5410-2048x1365.jpg 2048w, https:\/\/guinguettesyvette.org\/wp-content\/uploads\/2026\/04\/4E8A5410-1620x1080.jpg 1620w\" sizes=\"(max-width: 2560px) 100vw, 2560px\" \/><\/a><\/div><div class=\"o-posts-grid-post-body\"><h4 class=\"o-posts-grid-post-title\"><a href=\"https:\/\/guinguettesyvette.org\/?activite=longue-distance\">Longue Distance<\/a><\/h4><p class=\"o-posts-grid-post-meta\"> \/ <a href=\"https:\/\/guinguettesyvette.org\/?cat=31\">Dimanche 7 juin<\/a>, <a href=\"https:\/\/guinguettesyvette.org\/?cat=8\">Spectacles<\/a><\/p><div class=\"o-posts-grid-post-description\"><p>Port\u00e9 par la complicit\u00e9 de Blandine et Laetitia, Longue Distance est un voyage chor\u00e9graphique sensib\u2026<\/p><a class=\"o-posts-read-more\" href=\"https:\/\/guinguettesyvette.org\/?activite=longue-distance\">Read More<\/a><\/div><\/div><\/div><\/div><div class=\"o-posts-grid-post-blog o-posts-grid-post-plain\"><div class=\"o-posts-grid-post\"><div class=\"o-posts-grid-post-image\"><a href=\"https:\/\/guinguettesyvette.org\/?activite=remireille\"><img loading=\"lazy\" decoding=\"async\" width=\"1920\" height=\"1080\" src=\"https:\/\/guinguettesyvette.org\/wp-content\/uploads\/2026\/04\/Remireille-Paysage.jpg\" class=\"attachment-full size-full\" alt=\"R\u00e9mireille\" srcset=\"https:\/\/guinguettesyvette.org\/wp-content\/uploads\/2026\/04\/Remireille-Paysage.jpg 1920w, https:\/\/guinguettesyvette.org\/wp-content\/uploads\/2026\/04\/Remireille-Paysage-300x169.jpg 300w, https:\/\/guinguettesyvette.org\/wp-content\/uploads\/2026\/04\/Remireille-Paysage-1024x576.jpg 1024w, https:\/\/guinguettesyvette.org\/wp-content\/uploads\/2026\/04\/Remireille-Paysage-768x432.jpg 768w, https:\/\/guinguettesyvette.org\/wp-content\/uploads\/2026\/04\/Remireille-Paysage-1536x864.jpg 1536w\" sizes=\"(max-width: 1920px) 100vw, 1920px\" \/><\/a><\/div><div class=\"o-posts-grid-post-body\"><h4 class=\"o-posts-grid-post-title\"><a href=\"https:\/\/guinguettesyvette.org\/?activite=remireille\">R\u00e9mireille<\/a><\/h4><p class=\"o-posts-grid-post-meta\"> \/ <a href=\"https:\/\/guinguettesyvette.org\/?cat=31\">Dimanche 7 juin<\/a>, <a href=\"https:\/\/guinguettesyvette.org\/?cat=28\">Samedi 6 juin<\/a>, <a href=\"https:\/\/guinguettesyvette.org\/?cat=8\">Spectacles<\/a><\/p><div class=\"o-posts-grid-post-description\"><p>R\u00e9mireille est un conte pour adulte fabriqu\u00e9 \u00e0 partir d\u2019une cassette de r\u00e9pondeur t\u00e9l\u00e9phonique trouv\u2026<\/p><a class=\"o-posts-read-more\" href=\"https:\/\/guinguettesyvette.org\/?activite=remireille\">Read More<\/a><\/div><\/div><\/div><\/div><\/div> <\/div>","protected":false},"excerpt":{"rendered":"","protected":false},"author":3,"featured_media":0,"parent":0,"menu_order":0,"comment_status":"closed","ping_status":"closed","template":"","meta":{"_themeisle_gutenberg_block_has_review":false,"footnotes":""},"class_list":["post-1887","page","type-page","status-publish","hentry"],"_links":{"self":[{"href":"https:\/\/guinguettesyvette.org\/index.php?rest_route=\/wp\/v2\/pages\/1887","targetHints":{"allow":["GET"]}}],"collection":[{"href":"https:\/\/guinguettesyvette.org\/index.php?rest_route=\/wp\/v2\/pages"}],"about":[{"href":"https:\/\/guinguettesyvette.org\/index.php?rest_route=\/wp\/v2\/types\/page"}],"author":[{"embeddable":true,"href":"https:\/\/guinguettesyvette.org\/index.php?rest_route=\/wp\/v2\/users\/3"}],"replies":[{"embeddable":true,"href":"https:\/\/guinguettesyvette.org\/index.php?rest_route=%2Fwp%2Fv2%2Fcomments&post=1887"}],"version-history":[{"count":4,"href":"https:\/\/guinguettesyvette.org\/index.php?rest_route=\/wp\/v2\/pages\/1887\/revisions"}],"predecessor-version":[{"id":2037,"href":"https:\/\/guinguettesyvette.org\/index.php?rest_route=\/wp\/v2\/pages\/1887\/revisions\/2037"}],"wp:attachment":[{"href":"https:\/\/guinguettesyvette.org\/index.php?rest_route=%2Fwp%2Fv2%2Fmedia&parent=1887"}],"curies":[{"name":"wp","href":"https:\/\/api.w.org\/{rel}","templated":true}]}}