{"id":1885,"date":"2026-04-30T16:07:19","date_gmt":"2026-04-30T14:07:19","guid":{"rendered":"https:\/\/guinguettesyvette.org\/?page_id=1885"},"modified":"2026-05-06T11:37:32","modified_gmt":"2026-05-06T09:37:32","slug":"animations","status":"publish","type":"page","link":"https:\/\/guinguettesyvette.org\/?page_id=1885","title":{"rendered":"Animations"},"content":{"rendered":"<div class=\" is-style-boxed wp-block-themeisle-blocks-posts-grid\" id=\"wp-block-themeisle-blocks-posts-grid-817b3143\"><div class=\"is-grid o-posts-grid-columns-3\"><div class=\"o-posts-grid-post-blog o-posts-grid-post-plain\"><div class=\"o-posts-grid-post\"><div class=\"o-posts-grid-post-image\"><a href=\"https:\/\/guinguettesyvette.org\/?activite=collectif-m-e-u-f\"><img loading=\"lazy\" decoding=\"async\" width=\"1024\" height=\"683\" src=\"https:\/\/guinguettesyvette.org\/wp-content\/uploads\/2026\/04\/Collectif-MEUF-1024x683.jpg\" class=\"attachment-post-thumbnail size-post-thumbnail\" alt=\"Collectif MEUF\" srcset=\"https:\/\/guinguettesyvette.org\/wp-content\/uploads\/2026\/04\/Collectif-MEUF-1024x683.jpg 1024w, https:\/\/guinguettesyvette.org\/wp-content\/uploads\/2026\/04\/Collectif-MEUF-300x200.jpg 300w, https:\/\/guinguettesyvette.org\/wp-content\/uploads\/2026\/04\/Collectif-MEUF-768x512.jpg 768w, https:\/\/guinguettesyvette.org\/wp-content\/uploads\/2026\/04\/Collectif-MEUF-1536x1024.jpg 1536w, https:\/\/guinguettesyvette.org\/wp-content\/uploads\/2026\/04\/Collectif-MEUF-2048x1365.jpg 2048w, https:\/\/guinguettesyvette.org\/wp-content\/uploads\/2026\/04\/Collectif-MEUF-1620x1080.jpg 1620w\" sizes=\"(max-width: 1024px) 100vw, 1024px\" \/><\/a><\/div><div class=\"o-posts-grid-post-body\"><h4 class=\"o-posts-grid-post-title\"><a href=\"https:\/\/guinguettesyvette.org\/?activite=collectif-m-e-u-f\">Collectif MEUF<\/a><\/h4><p class=\"o-posts-grid-post-meta\"> \/ <a href=\"https:\/\/guinguettesyvette.org\/?cat=27\">Animations<\/a>, <a href=\"https:\/\/guinguettesyvette.org\/?cat=31\">Dimanche 7 juin<\/a>, <a href=\"https:\/\/guinguettesyvette.org\/?cat=28\">Samedi 6 juin<\/a><\/p><div class=\"o-posts-grid-post-description\"><p>Le Collectif MEUF est pr\u00e9sent sur le festival pour assurer une mission essentielle de pr\u00e9vention con\u2026<\/p><a class=\"o-posts-read-more\" href=\"https:\/\/guinguettesyvette.org\/?activite=collectif-m-e-u-f\">Read More<\/a><\/div><\/div><\/div><\/div><div class=\"o-posts-grid-post-blog o-posts-grid-post-plain\"><div class=\"o-posts-grid-post\"><div class=\"o-posts-grid-post-image\"><a href=\"https:\/\/guinguettesyvette.org\/?activite=initiation-a-la-peche\"><img loading=\"lazy\" decoding=\"async\" width=\"1024\" height=\"683\" src=\"https:\/\/guinguettesyvette.org\/wp-content\/uploads\/2026\/04\/2022-06-04_veronique-fauchille_-2694-1024x683.jpg\" class=\"attachment-post-thumbnail size-post-thumbnail\" alt=\"Initiation \u00e0 la p\u00eache\" srcset=\"https:\/\/guinguettesyvette.org\/wp-content\/uploads\/2026\/04\/2022-06-04_veronique-fauchille_-2694-1024x683.jpg 1024w, https:\/\/guinguettesyvette.org\/wp-content\/uploads\/2026\/04\/2022-06-04_veronique-fauchille_-2694-300x200.jpg 300w, https:\/\/guinguettesyvette.org\/wp-content\/uploads\/2026\/04\/2022-06-04_veronique-fauchille_-2694-768x512.jpg 768w, https:\/\/guinguettesyvette.org\/wp-content\/uploads\/2026\/04\/2022-06-04_veronique-fauchille_-2694-1536x1024.jpg 1536w, https:\/\/guinguettesyvette.org\/wp-content\/uploads\/2026\/04\/2022-06-04_veronique-fauchille_-2694-2048x1365.jpg 2048w, https:\/\/guinguettesyvette.org\/wp-content\/uploads\/2026\/04\/2022-06-04_veronique-fauchille_-2694-1620x1080.jpg 1620w\" sizes=\"(max-width: 1024px) 100vw, 1024px\" \/><\/a><\/div><div class=\"o-posts-grid-post-body\"><h4 class=\"o-posts-grid-post-title\"><a href=\"https:\/\/guinguettesyvette.org\/?activite=initiation-a-la-peche\">Initiation \u00e0 la p\u00eache<\/a><\/h4><p class=\"o-posts-grid-post-meta\"> \/ <a href=\"https:\/\/guinguettesyvette.org\/?cat=27\">Animations<\/a>, <a href=\"https:\/\/guinguettesyvette.org\/?cat=31\">Dimanche 7 juin<\/a><\/p><div class=\"o-posts-grid-post-description\"><p>L&#039;association &quot;L&#039;entente de l&#039;Yvette&quot; donne rendez-vous aux curieux de nature pour une s\u00e9ance d&#039;init\u2026<\/p><a class=\"o-posts-read-more\" href=\"https:\/\/guinguettesyvette.org\/?activite=initiation-a-la-peche\">Read More<\/a><\/div><\/div><\/div><\/div><div class=\"o-posts-grid-post-blog o-posts-grid-post-plain\"><div class=\"o-posts-grid-post\"><div class=\"o-posts-grid-post-image\"><a href=\"https:\/\/guinguettesyvette.org\/?activite=la-funambule\"><img loading=\"lazy\" decoding=\"async\" width=\"1024\" height=\"683\" src=\"https:\/\/guinguettesyvette.org\/wp-content\/uploads\/2026\/04\/Librairie-Funambule-1024x683.jpeg\" class=\"attachment-post-thumbnail size-post-thumbnail\" alt=\"La funambule\" srcset=\"https:\/\/guinguettesyvette.org\/wp-content\/uploads\/2026\/04\/Librairie-Funambule-1024x683.jpeg 1024w, https:\/\/guinguettesyvette.org\/wp-content\/uploads\/2026\/04\/Librairie-Funambule-300x200.jpeg 300w, https:\/\/guinguettesyvette.org\/wp-content\/uploads\/2026\/04\/Librairie-Funambule-768x512.jpeg 768w, https:\/\/guinguettesyvette.org\/wp-content\/uploads\/2026\/04\/Librairie-Funambule-1536x1024.jpeg 1536w, https:\/\/guinguettesyvette.org\/wp-content\/uploads\/2026\/04\/Librairie-Funambule-1620x1080.jpeg 1620w, https:\/\/guinguettesyvette.org\/wp-content\/uploads\/2026\/04\/Librairie-Funambule.jpeg 1920w\" sizes=\"(max-width: 1024px) 100vw, 1024px\" \/><\/a><\/div><div class=\"o-posts-grid-post-body\"><h4 class=\"o-posts-grid-post-title\"><a href=\"https:\/\/guinguettesyvette.org\/?activite=la-funambule\">La funambule<\/a><\/h4><p class=\"o-posts-grid-post-meta\"> \/ <a href=\"https:\/\/guinguettesyvette.org\/?cat=27\">Animations<\/a>, <a href=\"https:\/\/guinguettesyvette.org\/?cat=31\">Dimanche 7 juin<\/a>, <a href=\"https:\/\/guinguettesyvette.org\/?cat=28\">Samedi 6 juin<\/a><\/p><div class=\"o-posts-grid-post-description\"><p>La Funambule, librairie alternative et joyeuse de la MJC de Savigny sur Orge fait son itin\u00e9rante aux\u2026<\/p><a class=\"o-posts-read-more\" href=\"https:\/\/guinguettesyvette.org\/?activite=la-funambule\">Read More<\/a><\/div><\/div><\/div><\/div><div class=\"o-posts-grid-post-blog o-posts-grid-post-plain\"><div class=\"o-posts-grid-post\"><div class=\"o-posts-grid-post-image\"><a href=\"https:\/\/guinguettesyvette.org\/?activite=la-ludotheque\"><img loading=\"lazy\" decoding=\"async\" width=\"1024\" height=\"768\" src=\"https:\/\/guinguettesyvette.org\/wp-content\/uploads\/2026\/04\/Ludotheque_Belmont-Gerard-1024x768.jpg\" class=\"attachment-post-thumbnail size-post-thumbnail\" alt=\"La ludoth\u00e8que\" srcset=\"https:\/\/guinguettesyvette.org\/wp-content\/uploads\/2026\/04\/Ludotheque_Belmont-Gerard-1024x768.jpg 1024w, https:\/\/guinguettesyvette.org\/wp-content\/uploads\/2026\/04\/Ludotheque_Belmont-Gerard-300x225.jpg 300w, https:\/\/guinguettesyvette.org\/wp-content\/uploads\/2026\/04\/Ludotheque_Belmont-Gerard-768x576.jpg 768w, https:\/\/guinguettesyvette.org\/wp-content\/uploads\/2026\/04\/Ludotheque_Belmont-Gerard-1536x1152.jpg 1536w, https:\/\/guinguettesyvette.org\/wp-content\/uploads\/2026\/04\/Ludotheque_Belmont-Gerard-2048x1536.jpg 2048w, https:\/\/guinguettesyvette.org\/wp-content\/uploads\/2026\/04\/Ludotheque_Belmont-Gerard-1440x1080.jpg 1440w\" sizes=\"(max-width: 1024px) 100vw, 1024px\" \/><\/a><\/div><div class=\"o-posts-grid-post-body\"><h4 class=\"o-posts-grid-post-title\"><a href=\"https:\/\/guinguettesyvette.org\/?activite=la-ludotheque\">La ludoth\u00e8que<\/a><\/h4><p class=\"o-posts-grid-post-meta\"> \/ <a href=\"https:\/\/guinguettesyvette.org\/?cat=27\">Animations<\/a>, <a href=\"https:\/\/guinguettesyvette.org\/?cat=31\">Dimanche 7 juin<\/a>, <a href=\"https:\/\/guinguettesyvette.org\/?cat=28\">Samedi 6 juin<\/a><\/p><div class=\"o-posts-grid-post-description\"><p>La ludoth\u00e8que de Villebon &quot;Laludo&quot; s&#039;installe en plein air pour offrir un espace de jeux convivial e\u2026<\/p><a class=\"o-posts-read-more\" href=\"https:\/\/guinguettesyvette.org\/?activite=la-ludotheque\">Read More<\/a><\/div><\/div><\/div><\/div><div class=\"o-posts-grid-post-blog o-posts-grid-post-plain\"><div class=\"o-posts-grid-post\"><div class=\"o-posts-grid-post-image\"><a href=\"https:\/\/guinguettesyvette.org\/?activite=le-bal-des-familles\"><img loading=\"lazy\" decoding=\"async\" width=\"1024\" height=\"683\" src=\"https:\/\/guinguettesyvette.org\/wp-content\/uploads\/2026\/04\/bal-des-familles-1024x683.jpg\" class=\"attachment-post-thumbnail size-post-thumbnail\" alt=\"Le bal des familles\" srcset=\"https:\/\/guinguettesyvette.org\/wp-content\/uploads\/2026\/04\/bal-des-familles-1024x683.jpg 1024w, https:\/\/guinguettesyvette.org\/wp-content\/uploads\/2026\/04\/bal-des-familles-300x200.jpg 300w, https:\/\/guinguettesyvette.org\/wp-content\/uploads\/2026\/04\/bal-des-familles-768x512.jpg 768w, https:\/\/guinguettesyvette.org\/wp-content\/uploads\/2026\/04\/bal-des-familles-1536x1024.jpg 1536w, https:\/\/guinguettesyvette.org\/wp-content\/uploads\/2026\/04\/bal-des-familles-2048x1365.jpg 2048w, https:\/\/guinguettesyvette.org\/wp-content\/uploads\/2026\/04\/bal-des-familles-1620x1080.jpg 1620w\" sizes=\"(max-width: 1024px) 100vw, 1024px\" \/><\/a><\/div><div class=\"o-posts-grid-post-body\"><h4 class=\"o-posts-grid-post-title\"><a href=\"https:\/\/guinguettesyvette.org\/?activite=le-bal-des-familles\">Le bal des familles<\/a><\/h4><p class=\"o-posts-grid-post-meta\"> \/ <a href=\"https:\/\/guinguettesyvette.org\/?cat=27\">Animations<\/a>, <a href=\"https:\/\/guinguettesyvette.org\/?cat=31\">Dimanche 7 juin<\/a><\/p><div class=\"o-posts-grid-post-description\"><p>Le dimanche matin, la Sc\u00e8ne Yvette se transforme en une immense piste de danse interg\u00e9n\u00e9rationnelle \u2026<\/p><a class=\"o-posts-read-more\" href=\"https:\/\/guinguettesyvette.org\/?activite=le-bal-des-familles\">Read More<\/a><\/div><\/div><\/div><\/div><div class=\"o-posts-grid-post-blog o-posts-grid-post-plain\"><div class=\"o-posts-grid-post\"><div class=\"o-posts-grid-post-image\"><a href=\"https:\/\/guinguettesyvette.org\/?activite=le-bal-des-tout-petits\"><img loading=\"lazy\" decoding=\"async\" width=\"856\" height=\"637\" src=\"https:\/\/guinguettesyvette.org\/wp-content\/uploads\/2026\/04\/Le-bal-pour-tous-petits-1.jpg\" class=\"attachment-post-thumbnail size-post-thumbnail\" alt=\"Le bal des tout-petits\" srcset=\"https:\/\/guinguettesyvette.org\/wp-content\/uploads\/2026\/04\/Le-bal-pour-tous-petits-1.jpg 856w, https:\/\/guinguettesyvette.org\/wp-content\/uploads\/2026\/04\/Le-bal-pour-tous-petits-1-300x223.jpg 300w, https:\/\/guinguettesyvette.org\/wp-content\/uploads\/2026\/04\/Le-bal-pour-tous-petits-1-768x572.jpg 768w\" sizes=\"(max-width: 856px) 100vw, 856px\" \/><\/a><\/div><div class=\"o-posts-grid-post-body\"><h4 class=\"o-posts-grid-post-title\"><a href=\"https:\/\/guinguettesyvette.org\/?activite=le-bal-des-tout-petits\">Le bal des tout-petits<\/a><\/h4><p class=\"o-posts-grid-post-meta\"> \/ <a href=\"https:\/\/guinguettesyvette.org\/?cat=27\">Animations<\/a>, <a href=\"https:\/\/guinguettesyvette.org\/?cat=31\">Dimanche 7 juin<\/a><\/p><div class=\"o-posts-grid-post-description\"><p>Au creux du P\u2019tit bois des m\u00f4mes, le festival propose une exp\u00e9rience tout en d\u00e9licatesse pour les pl\u2026<\/p><a class=\"o-posts-read-more\" href=\"https:\/\/guinguettesyvette.org\/?activite=le-bal-des-tout-petits\">Read More<\/a><\/div><\/div><\/div><\/div><div class=\"o-posts-grid-post-blog o-posts-grid-post-plain\"><div class=\"o-posts-grid-post\"><div class=\"o-posts-grid-post-image\"><a href=\"https:\/\/guinguettesyvette.org\/?activite=le-ptit-bois-des-momes\"><img loading=\"lazy\" decoding=\"async\" width=\"1024\" height=\"683\" src=\"https:\/\/guinguettesyvette.org\/wp-content\/uploads\/2026\/04\/DSC_0359-1024x683.jpg\" class=\"attachment-post-thumbnail size-post-thumbnail\" alt=\"Le P&rsquo;tit bois des m\u00f4mes\" srcset=\"https:\/\/guinguettesyvette.org\/wp-content\/uploads\/2026\/04\/DSC_0359-1024x683.jpg 1024w, https:\/\/guinguettesyvette.org\/wp-content\/uploads\/2026\/04\/DSC_0359-300x200.jpg 300w, https:\/\/guinguettesyvette.org\/wp-content\/uploads\/2026\/04\/DSC_0359-768x512.jpg 768w, https:\/\/guinguettesyvette.org\/wp-content\/uploads\/2026\/04\/DSC_0359-1536x1024.jpg 1536w, https:\/\/guinguettesyvette.org\/wp-content\/uploads\/2026\/04\/DSC_0359-2048x1365.jpg 2048w, https:\/\/guinguettesyvette.org\/wp-content\/uploads\/2026\/04\/DSC_0359-1620x1080.jpg 1620w\" sizes=\"(max-width: 1024px) 100vw, 1024px\" \/><\/a><\/div><div class=\"o-posts-grid-post-body\"><h4 class=\"o-posts-grid-post-title\"><a href=\"https:\/\/guinguettesyvette.org\/?activite=le-ptit-bois-des-momes\">Le P&rsquo;tit bois des m\u00f4mes<\/a><\/h4><p class=\"o-posts-grid-post-meta\"> \/ <a href=\"https:\/\/guinguettesyvette.org\/?cat=27\">Animations<\/a>, <a href=\"https:\/\/guinguettesyvette.org\/?cat=28\">Samedi 6 juin<\/a><\/p><div class=\"o-posts-grid-post-description\"><p>Le P\u2019tit bois des m\u00f4mes est un espace sp\u00e9cifiquement am\u00e9nag\u00e9 pour l&#039;accueil des plus jeunes festival\u2026<\/p><a class=\"o-posts-read-more\" href=\"https:\/\/guinguettesyvette.org\/?activite=le-ptit-bois-des-momes\">Read More<\/a><\/div><\/div><\/div><\/div><div class=\"o-posts-grid-post-blog o-posts-grid-post-plain\"><div class=\"o-posts-grid-post\"><div class=\"o-posts-grid-post-image\"><a href=\"https:\/\/guinguettesyvette.org\/?activite=le-train-fantome\"><img loading=\"lazy\" decoding=\"async\" width=\"1024\" height=\"683\" src=\"https:\/\/guinguettesyvette.org\/wp-content\/uploads\/2026\/04\/foto3TF-1024x683.jpg\" class=\"attachment-post-thumbnail size-post-thumbnail\" alt=\"Le train fant\u00f4me\" srcset=\"https:\/\/guinguettesyvette.org\/wp-content\/uploads\/2026\/04\/foto3TF-1024x683.jpg 1024w, https:\/\/guinguettesyvette.org\/wp-content\/uploads\/2026\/04\/foto3TF-300x200.jpg 300w, https:\/\/guinguettesyvette.org\/wp-content\/uploads\/2026\/04\/foto3TF-768x512.jpg 768w, https:\/\/guinguettesyvette.org\/wp-content\/uploads\/2026\/04\/foto3TF-1536x1024.jpg 1536w, https:\/\/guinguettesyvette.org\/wp-content\/uploads\/2026\/04\/foto3TF-2048x1365.jpg 2048w, https:\/\/guinguettesyvette.org\/wp-content\/uploads\/2026\/04\/foto3TF-1620x1080.jpg 1620w\" sizes=\"(max-width: 1024px) 100vw, 1024px\" \/><\/a><\/div><div class=\"o-posts-grid-post-body\"><h4 class=\"o-posts-grid-post-title\"><a href=\"https:\/\/guinguettesyvette.org\/?activite=le-train-fantome\">Le train fant\u00f4me<\/a><\/h4><p class=\"o-posts-grid-post-meta\"> \/ <a href=\"https:\/\/guinguettesyvette.org\/?cat=27\">Animations<\/a>, <a href=\"https:\/\/guinguettesyvette.org\/?cat=31\">Dimanche 7 juin<\/a>, <a href=\"https:\/\/guinguettesyvette.org\/?cat=28\">Samedi 6 juin<\/a><\/p><div class=\"o-posts-grid-post-description\"><p>Plongez dans l&#039;univers du Train Fant\u00f4me et du voyage sinueux d&#039;une boule sur les\nrails de vos cauche\u2026<\/p><a class=\"o-posts-read-more\" href=\"https:\/\/guinguettesyvette.org\/?activite=le-train-fantome\">Read More<\/a><\/div><\/div><\/div><\/div><div class=\"o-posts-grid-post-blog o-posts-grid-post-plain\"><div class=\"o-posts-grid-post\"><div class=\"o-posts-grid-post-image\"><a href=\"https:\/\/guinguettesyvette.org\/?activite=les-petits-bouchons\"><img loading=\"lazy\" decoding=\"async\" width=\"1024\" height=\"683\" src=\"https:\/\/guinguettesyvette.org\/wp-content\/uploads\/2026\/04\/manege_1\u00a9Sidi_Naim-1024x683.jpg\" class=\"attachment-post-thumbnail size-post-thumbnail\" alt=\"Les P&rsquo;tits Bouchons\" srcset=\"https:\/\/guinguettesyvette.org\/wp-content\/uploads\/2026\/04\/manege_1\u00a9Sidi_Naim-1024x683.jpg 1024w, https:\/\/guinguettesyvette.org\/wp-content\/uploads\/2026\/04\/manege_1\u00a9Sidi_Naim-300x200.jpg 300w, https:\/\/guinguettesyvette.org\/wp-content\/uploads\/2026\/04\/manege_1\u00a9Sidi_Naim-768x512.jpg 768w, https:\/\/guinguettesyvette.org\/wp-content\/uploads\/2026\/04\/manege_1\u00a9Sidi_Naim-1536x1024.jpg 1536w, https:\/\/guinguettesyvette.org\/wp-content\/uploads\/2026\/04\/manege_1\u00a9Sidi_Naim-1620x1080.jpg 1620w, https:\/\/guinguettesyvette.org\/wp-content\/uploads\/2026\/04\/manege_1\u00a9Sidi_Naim.jpg 2048w\" sizes=\"(max-width: 1024px) 100vw, 1024px\" \/><\/a><\/div><div class=\"o-posts-grid-post-body\"><h4 class=\"o-posts-grid-post-title\"><a href=\"https:\/\/guinguettesyvette.org\/?activite=les-petits-bouchons\">Les P&rsquo;tits Bouchons<\/a><\/h4><p class=\"o-posts-grid-post-meta\"> \/ <a href=\"https:\/\/guinguettesyvette.org\/?cat=27\">Animations<\/a>, <a href=\"https:\/\/guinguettesyvette.org\/?cat=31\">Dimanche 7 juin<\/a>, <a href=\"https:\/\/guinguettesyvette.org\/?cat=28\">Samedi 6 juin<\/a><\/p><div class=\"o-posts-grid-post-description\"><p>Embarquez pour une &quot;tourn\u00e9e g\u00e9n\u00e9rale&quot; avec le man\u00e8ge des Petits Bouchons, une cr\u00e9ation originale de \u2026<\/p><a class=\"o-posts-read-more\" href=\"https:\/\/guinguettesyvette.org\/?activite=les-petits-bouchons\">Read More<\/a><\/div><\/div><\/div><\/div><div class=\"o-posts-grid-post-blog o-posts-grid-post-plain\"><div class=\"o-posts-grid-post\"><div class=\"o-posts-grid-post-image\"><a href=\"https:\/\/guinguettesyvette.org\/?activite=les-petits-bateaux\"><img loading=\"lazy\" decoding=\"async\" width=\"1024\" height=\"683\" src=\"https:\/\/guinguettesyvette.org\/wp-content\/uploads\/2026\/04\/DSC_0429-1024x683.jpg\" class=\"attachment-post-thumbnail size-post-thumbnail\" alt=\"Les petits bateaux\" srcset=\"https:\/\/guinguettesyvette.org\/wp-content\/uploads\/2026\/04\/DSC_0429-1024x683.jpg 1024w, https:\/\/guinguettesyvette.org\/wp-content\/uploads\/2026\/04\/DSC_0429-300x200.jpg 300w, https:\/\/guinguettesyvette.org\/wp-content\/uploads\/2026\/04\/DSC_0429-768x512.jpg 768w, https:\/\/guinguettesyvette.org\/wp-content\/uploads\/2026\/04\/DSC_0429-1536x1024.jpg 1536w, https:\/\/guinguettesyvette.org\/wp-content\/uploads\/2026\/04\/DSC_0429-2048x1365.jpg 2048w, https:\/\/guinguettesyvette.org\/wp-content\/uploads\/2026\/04\/DSC_0429-1620x1080.jpg 1620w\" sizes=\"(max-width: 1024px) 100vw, 1024px\" \/><\/a><\/div><div class=\"o-posts-grid-post-body\"><h4 class=\"o-posts-grid-post-title\"><a href=\"https:\/\/guinguettesyvette.org\/?activite=les-petits-bateaux\">Les petits bateaux<\/a><\/h4><p class=\"o-posts-grid-post-meta\"> \/ <a href=\"https:\/\/guinguettesyvette.org\/?cat=27\">Animations<\/a>, <a href=\"https:\/\/guinguettesyvette.org\/?cat=28\">Samedi 6 juin<\/a><\/p><div class=\"o-posts-grid-post-description\"><p>L&#039;association &quot;Soif de Bitume&quot; propose un moment de po\u00e9sie pure avec la fabrication et le l\u00e2cher de \u2026<\/p><a class=\"o-posts-read-more\" href=\"https:\/\/guinguettesyvette.org\/?activite=les-petits-bateaux\">Read More<\/a><\/div><\/div><\/div><\/div><div class=\"o-posts-grid-post-blog o-posts-grid-post-plain\"><div class=\"o-posts-grid-post\"><div class=\"o-posts-grid-post-image\"><a href=\"https:\/\/guinguettesyvette.org\/?activite=pont-nepalais\"><img loading=\"lazy\" decoding=\"async\" width=\"1024\" height=\"683\" src=\"https:\/\/guinguettesyvette.org\/wp-content\/uploads\/2026\/04\/DSC_0601-1024x683.jpg\" class=\"attachment-post-thumbnail size-post-thumbnail\" alt=\"Pont n\u00e9palais\" srcset=\"https:\/\/guinguettesyvette.org\/wp-content\/uploads\/2026\/04\/DSC_0601-1024x683.jpg 1024w, https:\/\/guinguettesyvette.org\/wp-content\/uploads\/2026\/04\/DSC_0601-300x200.jpg 300w, https:\/\/guinguettesyvette.org\/wp-content\/uploads\/2026\/04\/DSC_0601-768x512.jpg 768w, https:\/\/guinguettesyvette.org\/wp-content\/uploads\/2026\/04\/DSC_0601-1536x1024.jpg 1536w, https:\/\/guinguettesyvette.org\/wp-content\/uploads\/2026\/04\/DSC_0601-2048x1365.jpg 2048w, https:\/\/guinguettesyvette.org\/wp-content\/uploads\/2026\/04\/DSC_0601-1620x1080.jpg 1620w\" sizes=\"(max-width: 1024px) 100vw, 1024px\" \/><\/a><\/div><div class=\"o-posts-grid-post-body\"><h4 class=\"o-posts-grid-post-title\"><a href=\"https:\/\/guinguettesyvette.org\/?activite=pont-nepalais\">Pont n\u00e9palais<\/a><\/h4><p class=\"o-posts-grid-post-meta\"> \/ <a href=\"https:\/\/guinguettesyvette.org\/?cat=27\">Animations<\/a>, <a href=\"https:\/\/guinguettesyvette.org\/?cat=31\">Dimanche 7 juin<\/a>, <a href=\"https:\/\/guinguettesyvette.org\/?cat=28\">Samedi 6 juin<\/a><\/p><div class=\"o-posts-grid-post-description\"><p>Le Club Sp\u00e9l\u00e9o propose aux festivalier\u00b7e\u00b7s de tester leur agilit\u00e9 avec l&#039;installation d&#039;un pont n\u00e9pa\u2026<\/p><a class=\"o-posts-read-more\" href=\"https:\/\/guinguettesyvette.org\/?activite=pont-nepalais\">Read More<\/a><\/div><\/div><\/div><\/div><div class=\"o-posts-grid-post-blog o-posts-grid-post-plain\"><div class=\"o-posts-grid-post\"><div class=\"o-posts-grid-post-image\"><a href=\"https:\/\/guinguettesyvette.org\/?activite=si-lyvette-metait-contee\"><img loading=\"lazy\" decoding=\"async\" width=\"1024\" height=\"728\" src=\"https:\/\/guinguettesyvette.org\/wp-content\/uploads\/2026\/04\/Les-Casseaux-le-chateau-des-casseaux-A-1024x728.jpg\" class=\"attachment-post-thumbnail size-post-thumbnail\" alt=\"Si l&rsquo;Yvette m&rsquo;\u00e9tait cont\u00e9e&#8230;\" srcset=\"https:\/\/guinguettesyvette.org\/wp-content\/uploads\/2026\/04\/Les-Casseaux-le-chateau-des-casseaux-A-1024x728.jpg 1024w, https:\/\/guinguettesyvette.org\/wp-content\/uploads\/2026\/04\/Les-Casseaux-le-chateau-des-casseaux-A-300x213.jpg 300w, https:\/\/guinguettesyvette.org\/wp-content\/uploads\/2026\/04\/Les-Casseaux-le-chateau-des-casseaux-A-768x546.jpg 768w, https:\/\/guinguettesyvette.org\/wp-content\/uploads\/2026\/04\/Les-Casseaux-le-chateau-des-casseaux-A-1536x1092.jpg 1536w, https:\/\/guinguettesyvette.org\/wp-content\/uploads\/2026\/04\/Les-Casseaux-le-chateau-des-casseaux-A-1519x1080.jpg 1519w, https:\/\/guinguettesyvette.org\/wp-content\/uploads\/2026\/04\/Les-Casseaux-le-chateau-des-casseaux-A.jpg 1751w\" sizes=\"(max-width: 1024px) 100vw, 1024px\" \/><\/a><\/div><div class=\"o-posts-grid-post-body\"><h4 class=\"o-posts-grid-post-title\"><a href=\"https:\/\/guinguettesyvette.org\/?activite=si-lyvette-metait-contee\">Si l&rsquo;Yvette m&rsquo;\u00e9tait cont\u00e9e&#8230;<\/a><\/h4><p class=\"o-posts-grid-post-meta\"> \/ <a href=\"https:\/\/guinguettesyvette.org\/?cat=27\">Animations<\/a>, <a href=\"https:\/\/guinguettesyvette.org\/?cat=31\">Dimanche 7 juin<\/a><\/p><div class=\"o-posts-grid-post-description\"><p>Organis\u00e9e par l&#039;association &quot;Le temps des cerises&quot;, cette balade patrimoniale vous ferra d\u00e9couvrir l\u2026<\/p><a class=\"o-posts-read-more\" href=\"https:\/\/guinguettesyvette.org\/?activite=si-lyvette-metait-contee\">Read More<\/a><\/div><\/div><\/div><\/div><\/div> <\/div>","protected":false},"excerpt":{"rendered":"","protected":false},"author":3,"featured_media":0,"parent":0,"menu_order":0,"comment_status":"closed","ping_status":"closed","template":"","meta":{"_themeisle_gutenberg_block_has_review":false,"footnotes":""},"class_list":["post-1885","page","type-page","status-publish","hentry"],"_links":{"self":[{"href":"https:\/\/guinguettesyvette.org\/index.php?rest_route=\/wp\/v2\/pages\/1885","targetHints":{"allow":["GET"]}}],"collection":[{"href":"https:\/\/guinguettesyvette.org\/index.php?rest_route=\/wp\/v2\/pages"}],"about":[{"href":"https:\/\/guinguettesyvette.org\/index.php?rest_route=\/wp\/v2\/types\/page"}],"author":[{"embeddable":true,"href":"https:\/\/guinguettesyvette.org\/index.php?rest_route=\/wp\/v2\/users\/3"}],"replies":[{"embeddable":true,"href":"https:\/\/guinguettesyvette.org\/index.php?rest_route=%2Fwp%2Fv2%2Fcomments&post=1885"}],"version-history":[{"count":4,"href":"https:\/\/guinguettesyvette.org\/index.php?rest_route=\/wp\/v2\/pages\/1885\/revisions"}],"predecessor-version":[{"id":2039,"href":"https:\/\/guinguettesyvette.org\/index.php?rest_route=\/wp\/v2\/pages\/1885\/revisions\/2039"}],"wp:attachment":[{"href":"https:\/\/guinguettesyvette.org\/index.php?rest_route=%2Fwp%2Fv2%2Fmedia&parent=1885"}],"curies":[{"name":"wp","href":"https:\/\/api.w.org\/{rel}","templated":true}]}}