{"id":1142,"date":"2025-02-14T17:28:02","date_gmt":"2025-02-14T16:28:02","guid":{"rendered":"https:\/\/guinguettesyvette.org\/?page_id=1142"},"modified":"2026-05-07T18:50:26","modified_gmt":"2026-05-07T16:50:26","slug":"soutenez-les-guinguettes-prenez-votre-adhesion","status":"publish","type":"page","link":"https:\/\/guinguettesyvette.org\/?page_id=1142","title":{"rendered":"Faire un don"},"content":{"rendered":"\n<p class=\"has-black-color has-text-color has-link-color wp-elements-b6f2feafebc97771229b63837efaffbe\">Au-del\u00e0 d\u2019un simple geste, le don est une fa\u00e7on concr\u00e8te de montrer que vous croyez en ce que nous portons : une culture accessible, joyeuse, engag\u00e9e et ancr\u00e9e dans la vie locale.<\/p>\n\n\n\n<p class=\"has-black-color has-text-color has-link-color wp-elements-010e071d9fc425b39487933fcc16dc40\">Votre soutien nous donne une l\u00e9gitimit\u00e9 forte aupr\u00e8s des partenaires publics et priv\u00e9s. Elle prouve que les Guinguettes de l\u2019Yvette sont un \u00e9v\u00e9nement soutenu par ses habitant\u00b7e\u00b7s, ses b\u00e9n\u00e9voles, ses fid\u00e8les spectateurs\u00b7ices \u2013\u00a0un \u00e9v\u00e9nement qui vit gr\u00e2ce \u00e0 son territoire.<\/p>\n\n\n\n<p class=\"has-black-color has-text-color has-link-color wp-elements-33f7a748fbbcf69f31b82437380f6592\">Dans un contexte o\u00f9 les financements sont de plus en plus incertains, cette reconnaissance citoyenne est essentielle pour continuer \u00e0 exister et \u00e0 faire r\u00eaver.<\/p>\n\n\n\n<p class=\"has-black-color has-text-color has-link-color wp-elements-04e99c05f1e6def14a43c2c719ee4ac5\">Faire un don, c&rsquo;est nous permettre de continuer \u00e0 exister.<br>Adh\u00e9rer, c\u2019est nous accompagner toute l\u2019ann\u00e9e, \u00e0 votre rythme et selon vos envies.<\/p>\n\n\n\n<p class=\"has-black-color has-text-color has-link-color wp-elements-c24abdfdbd3090459e2e292537b6b615\">Vous pouvez participer activement aux\u00a0commissions\u00a0(programmation, logistique, communication\u2026), proposer vos id\u00e9es, pr\u00eater main forte ponctuellement, ou simplement soutenir le projet sans vous impliquer au quotidien. Il n\u2019y a pas de petite contribution :\u00a0<strong>toutes les formes de soutien sont pr\u00e9cieuses<\/strong>.<\/p>\n\n\n<p> <iframe id=\"haWidgetButton\" allowtransparency=\"true\" src=\"https:\/\/www.helloasso.com\/associations\/les-guinguettes-de-l-yvette\/adhesions\/adhesion-aux-guinguettes-2\/widget-bouton\" style=\"width: 100%; height: 70px; border: none;\"><\/iframe><\/p>\n\n\n<p><iframe id=\"haWidgetLight\" \n        allowtransparency=\"true\" \n        allow=\"payment\" \n        scrolling=\"no\" \n        src=\"https:\/\/www.helloasso.com\/associations\/les-guinguettes-de-l-yvette\/formulaires\/1\/widget?view=form\" \n        style=\"width: clamp(300px, 100%, 26rem); height: 700px; margin: 0 auto; border: none; display: block;\"><br \/>\n<\/iframe><\/p>\n\n\n\n<div style=\"height:100px\" aria-hidden=\"true\" class=\"wp-block-spacer\"><\/div>\n","protected":false},"excerpt":{"rendered":"<p>Au-del\u00e0 d\u2019un simple geste, le don est une fa\u00e7on concr\u00e8te de montrer que vous croyez en ce que nous portons : une culture accessible, joyeuse, engag\u00e9e et ancr\u00e9e dans la vie locale. Votre soutien nous donne une l\u00e9gitimit\u00e9 forte aupr\u00e8s des partenaires publics et priv\u00e9s. Elle prouve que les Guinguettes de l\u2019Yvette sont un \u00e9v\u00e9nement&hellip; <br \/> <a class=\"read-more\" href=\"https:\/\/guinguettesyvette.org\/?page_id=1142\">Lire la suite<\/a><\/p>\n","protected":false},"author":1,"featured_media":0,"parent":0,"menu_order":0,"comment_status":"closed","ping_status":"closed","template":"","meta":{"_themeisle_gutenberg_block_has_review":false,"footnotes":""},"class_list":["post-1142","page","type-page","status-publish","hentry"],"_links":{"self":[{"href":"https:\/\/guinguettesyvette.org\/index.php?rest_route=\/wp\/v2\/pages\/1142","targetHints":{"allow":["GET"]}}],"collection":[{"href":"https:\/\/guinguettesyvette.org\/index.php?rest_route=\/wp\/v2\/pages"}],"about":[{"href":"https:\/\/guinguettesyvette.org\/index.php?rest_route=\/wp\/v2\/types\/page"}],"author":[{"embeddable":true,"href":"https:\/\/guinguettesyvette.org\/index.php?rest_route=\/wp\/v2\/users\/1"}],"replies":[{"embeddable":true,"href":"https:\/\/guinguettesyvette.org\/index.php?rest_route=%2Fwp%2Fv2%2Fcomments&post=1142"}],"version-history":[{"count":19,"href":"https:\/\/guinguettesyvette.org\/index.php?rest_route=\/wp\/v2\/pages\/1142\/revisions"}],"predecessor-version":[{"id":2164,"href":"https:\/\/guinguettesyvette.org\/index.php?rest_route=\/wp\/v2\/pages\/1142\/revisions\/2164"}],"wp:attachment":[{"href":"https:\/\/guinguettesyvette.org\/index.php?rest_route=%2Fwp%2Fv2%2Fmedia&parent=1142"}],"curies":[{"name":"wp","href":"https:\/\/api.w.org\/{rel}","templated":true}]}}